{"id":1445,"date":"2023-07-23T00:10:15","date_gmt":"2023-07-22T21:10:15","guid":{"rendered":"https:\/\/sociometer.biz\/dostosowanie-widocznosci\/"},"modified":"2023-08-14T23:00:33","modified_gmt":"2023-08-14T20:00:33","slug":"dostosowanie-widocznosci","status":"publish","type":"page","link":"https:\/\/sociometer.biz\/pl\/dostosowanie-widocznosci\/","title":{"rendered":"Skonfiguruj odpowiedni\u0105 grup\u0119 odbiorc\u00f3w"},"content":{"rendered":"<p>&nbsp;<\/p>\n<p>&nbsp;<\/p>\n<p><img decoding=\"async\" src=\"https:\/\/sociometer.biz\/wp-content\/uploads\/2023\/07\/log_sm-300x175.png\" \/><\/p>\n<p>&nbsp;<\/p>\n<h3>Dob\u00f3r odpowiednich odbiorc\u00f3w pozwala uzyska\u0107 lepsze wyniki z ankiet i reklam.<\/h3>\n<p>W socjometrze istnieje mo\u017cliwo\u015b\u0107 wyboru u\u017cytkownik\u00f3w do komunikacji wed\u0142ug r\u00f3\u017cnych parametr\u00f3w wyboru. Konfigurowanie odbiorc\u00f3w u\u017cytkownik\u00f3w witryny jest wa\u017cn\u0105 cz\u0119\u015bci\u0105 procesu przetwarzania i pozyskiwania cennych informacji. W\u0142a\u015bciwa grupa odbiorc\u00f3w do wy\u015bwietlania reklam i ankiet decyduje o jako\u015bci wynik\u00f3w. Prawid\u0142owe ustawienia odbiorc\u00f3w pozwalaj\u0105 uzyska\u0107 dok\u0142adniejsze i trafniejsze odpowiedzi na pytania.<\/p>\n<p>&nbsp;<\/p>\n<h3>Definicja grup docelowych.<\/h3>\n<p>Jednym z pierwszych krok\u00f3w w tworzeniu grupy odbiorc\u00f3w w witrynie z ankietami jest zdefiniowanie grupy docelowej, kt\u00f3ra spe\u0142nia okre\u015blone kryteria i jest zainteresowana okre\u015blonymi tematami lub produktami. Przyk\u0142adowo, je\u015bli chcesz przeprowadzi\u0107 ankiet\u0119 w\u015br\u00f3d u\u017cytkownik\u00f3w telefon\u00f3w kom\u00f3rkowych, grup\u0105 docelow\u0105 b\u0119d\u0105 osoby, kt\u00f3re ju\u017c korzystaj\u0105 z urz\u0105dze\u0144 mobilnych lub s\u0105 zainteresowane ich zakupem.<\/p>\n<p>Po zdefiniowaniu grupy docelowej pozostaje wybra\u0107 jej przedstawicieli, bior\u0105c pod uwag\u0119 wiek, p\u0142e\u0107, poziom wykszta\u0142cenia i inne parametry najodpowiedniejszych u\u017cytkownik\u00f3w korzystaj\u0105c z ustawie\u0144 odbiorc\u00f3w spo\u015br\u00f3d respondent\u00f3w b\u0119d\u0105cych u\u017cytkownikami <a href=\"https:\/\/sociometer.biz\/pl\/\">Sociometru<\/a>.<\/p>\n<p>&nbsp;<\/p>\n<h3>Popraw wyniki ankiety: dodaj bezp\u0142atne narz\u0119dzia.<\/h3>\n<p>Wybieramy z istniej\u0105cej ju\u017c bazy u\u017cytkownik\u00f3w, p\u0142acimy za komunikacj\u0119 z nimi oraz przesy\u0142amy tre\u015bci reklamowe i pytania. Je\u015bli posiadasz baz\u0119 respondent\u00f3w, mo\u017cesz skorzysta\u0107 z bezp\u0142atnych narz\u0119dzi do przes\u0142ania linku do ankiety. Pozwoli Ci to przyci\u0105gn\u0105\u0107 osoby, kt\u00f3re s\u0105 ju\u017c zaznajomione z Twoimi us\u0142ugami lub produktami. Po\u0142\u0105czone filtry w wynikach ankiety pomog\u0105 r\u00f3wnie\u017c, za pomoc\u0105 bezp\u0142atnych narz\u0119dzi, rozdzieli\u0107 wyniki statystyczne z ka\u017cdego pytania lub grupy. Jednak pytania mog\u0105 dotyczy\u0107 wieku lub innych parametr\u00f3w respondent\u00f3w.<\/p>\n<p>&nbsp;<\/p>\n<h3>Korzystaj z sieci spo\u0142eczno\u015bciowych.<\/h3>\n<p>Innym sposobem na przyci\u0105gni\u0119cie odbiorc\u00f3w jest korzystanie z sieci spo\u0142eczno\u015bciowych. Mo\u017cesz tworzy\u0107 posty w mediach spo\u0142eczno\u015bciowych, kt\u00f3re zawieraj\u0105 link do ankiety i prosi\u0107 subskrybent\u00f3w lub cz\u0142onk\u00f3w grupy tematycznej o wzi\u0119cie w niej udzia\u0142u lub udzielenie odpowiedzi na post. Pozwoli Ci to przyci\u0105gn\u0105\u0107 osoby, kt\u00f3rych nie ma w Twojej bazie danych, a kt\u00f3re s\u0105 zainteresowane Twoim tematem.<\/p>\n<p>&nbsp;<\/p>\n<h3>Promuj ankiety.<\/h3>\n<p>Mo\u017cesz tak\u017ce u\u017cy\u0107 reklamy kontekstowej, aby przyci\u0105gn\u0105\u0107 odbiorc\u00f3w do witryny z ankiet\u0105. Mo\u017cesz tworzy\u0107 og\u0142oszenia zwi\u0105zane z Twoj\u0105 tematyk\u0105 i umieszcza\u0107 je w popularnych zasobach internetowych. Gdy ludzie przejd\u0105 do witryny za po\u015brednictwem tych reklam, zobacz\u0105 link do ankiety i b\u0119d\u0105 mogli wzi\u0105\u0107 w niej udzia\u0142.<\/p>\n<p>&nbsp;<\/p>\n<h3>Znaczenie dla odbiorc\u00f3w.<\/h3>\n<p>Wa\u017cne jest r\u00f3wnie\u017c zwr\u00f3cenie uwagi na jako\u015b\u0107 publiczno\u015bci. Im bardziej trafna i wysokiej jako\u015bci grupa odbiorc\u00f3w, tym dok\u0142adniejsze i bardziej przydatne b\u0119d\u0105 wyniki ankiety. Dlatego podczas konfigurowania odbiorc\u00f3w wa\u017cne jest, aby zastanowi\u0107 si\u0119, jakich kryteri\u00f3w i filtr\u00f3w u\u017cy\u0107, aby przyci\u0105gn\u0105\u0107 odpowiednich odbiorc\u00f3w.<\/p>\n<p>Ponadto dostosowywanie odbiorc\u00f3w obejmuje r\u00f3wnie\u017c okre\u015blanie liczby uczestnik\u00f3w ankiety lub wy\u015bwietlania reklam. Niekt\u00f3re ankiety wymagaj\u0105 du\u017cej liczby uczestnik\u00f3w, aby uzyska\u0107 obiektywne wyniki. Inne ankiety mog\u0105 by\u0107 skierowane do ma\u0142ej grupy os\u00f3b, aby uzyska\u0107 g\u0142\u0119bsze i bardziej szczeg\u00f3\u0142owe odpowiedzi.<\/p>\n<p>&nbsp;<\/p>\n<h3>Prywatno\u015b\u0107 i anonimowo\u015b\u0107.<\/h3>\n<p>I wreszcie, podczas ustawiania odbiorc\u00f3w, wa\u017cne jest zapewnienie poufno\u015bci i anonimowo\u015bci uczestnik\u00f3w badania. Ludzie powinni czu\u0107 si\u0119 komfortowo i mie\u0107 pewno\u015b\u0107, \u017ce ich odpowiedzi pozostan\u0105 anonimowe i nie zostan\u0105 wykorzystane przeciwko nim.<\/p>\n<p>&nbsp;<\/p>\n<h3>Motywacja materialna.<\/h3>\n<p>Wreszcie ustawienie odbiorc\u00f3w na stronie <a href=\"https:\/\/sociometer.biz\/pl\/\">Sociometru<\/a> odgrywa wa\u017cn\u0105 rol\u0119 w uzyskaniu wysokiej jako\u015bci wynik\u00f3w. Zmotywowana merytorycznie i odpowiednio dobrana publiczno\u015b\u0107 pozwala uzyska\u0107 trafne odpowiedzi na pytania.<\/p>\n","protected":false},"excerpt":{"rendered":"<p>&nbsp; &nbsp; &nbsp; Dob\u00f3r odpowiednich odbiorc\u00f3w pozwala uzyska\u0107 lepsze wyniki z ankiet i reklam. W socjometrze istnieje mo\u017cliwo\u015b\u0107 wyboru u\u017cytkownik\u00f3w do komunikacji wed\u0142ug r\u00f3\u017cnych parametr\u00f3w wyboru. Konfigurowanie odbiorc\u00f3w u\u017cytkownik\u00f3w witryny&#8230;<\/p>\n","protected":false},"author":1,"featured_media":1456,"parent":0,"menu_order":0,"comment_status":"closed","ping_status":"closed","template":"","meta":{"footnotes":""},"class_list":["post-1445","page","type-page","status-publish","has-post-thumbnail","hentry"],"acf":[],"yoast_head":"<!-- This site is optimized with the Yoast SEO plugin v20.12 - https:\/\/yoast.com\/wordpress\/plugins\/seo\/ -->\n<title>Konfigurowanie odbiorc\u00f3w https:\/\/sociometer.biz\/. Socjometr<\/title>\n<meta name=\"description\" content=\"Konfigurowanie i wybieranie odbiorc\u00f3w pozwala uzyska\u0107 lepsze wyniki z ankiet i reklam. Socjometr.\" \/>\n<meta name=\"robots\" content=\"index, follow, max-snippet:-1, max-image-preview:large, max-video-preview:-1\" \/>\n<link rel=\"canonical\" href=\"https:\/\/sociometer.biz\/nalashtuvannya-audytoriyi\/\" \/>\n<meta property=\"og:locale\" content=\"pl_PL\" \/>\n<meta property=\"og:type\" content=\"article\" \/>\n<meta property=\"og:title\" content=\"Konfigurowanie odbiorc\u00f3w https:\/\/sociometer.biz\/. Socjometr\" \/>\n<meta property=\"og:description\" content=\"Konfigurowanie i wybieranie odbiorc\u00f3w pozwala uzyska\u0107 lepsze wyniki z ankiet i reklam. Socjometr.\" \/>\n<meta property=\"og:url\" content=\"https:\/\/sociometer.biz\/nalashtuvannya-audytoriyi\/\" \/>\n<meta property=\"og:site_name\" content=\"Sociometer\" \/>\n<meta property=\"article:modified_time\" content=\"2023-08-14T20:00:33+00:00\" \/>\n<meta property=\"og:image\" content=\"https:\/\/sociometer.biz\/wp-content\/uploads\/2023\/07\/log_sm-e1690448737180.png\" \/>\n\t<meta property=\"og:image:width\" content=\"600\" \/>\n\t<meta property=\"og:image:height\" content=\"349\" \/>\n\t<meta property=\"og:image:type\" content=\"image\/png\" \/>\n<meta name=\"twitter:card\" content=\"summary_large_image\" \/>\n<meta name=\"twitter:label1\" content=\"Szacowany czas czytania\" \/>\n\t<meta name=\"twitter:data1\" content=\"3 minuty\" \/>\n<script type=\"application\/ld+json\" class=\"yoast-schema-graph\">{\"@context\":\"https:\/\/schema.org\",\"@graph\":[{\"@type\":\"WebPage\",\"@id\":\"https:\/\/sociometer.biz\/nalashtuvannya-audytoriyi\/\",\"url\":\"https:\/\/sociometer.biz\/nalashtuvannya-audytoriyi\/\",\"name\":\"Konfigurowanie odbiorc\u00f3w https:\/\/sociometer.biz\/. Socjometr\",\"isPartOf\":{\"@id\":\"https:\/\/sociometer.biz\/#website\"},\"datePublished\":\"2023-07-22T21:10:15+00:00\",\"dateModified\":\"2023-08-14T20:00:33+00:00\",\"description\":\"Konfigurowanie i wybieranie odbiorc\u00f3w pozwala uzyska\u0107 lepsze wyniki z ankiet i reklam. Socjometr.\",\"breadcrumb\":{\"@id\":\"https:\/\/sociometer.biz\/nalashtuvannya-audytoriyi\/#breadcrumb\"},\"inLanguage\":\"pl-PL\",\"potentialAction\":[{\"@type\":\"ReadAction\",\"target\":[\"https:\/\/sociometer.biz\/nalashtuvannya-audytoriyi\/\"]}]},{\"@type\":\"BreadcrumbList\",\"@id\":\"https:\/\/sociometer.biz\/nalashtuvannya-audytoriyi\/#breadcrumb\",\"itemListElement\":[{\"@type\":\"ListItem\",\"position\":1,\"name\":\"\u0413\u043e\u043b\u043e\u0432\u043d\u0430\",\"item\":\"https:\/\/sociometer.biz\/pl\/\"},{\"@type\":\"ListItem\",\"position\":2,\"name\":\"Skonfiguruj odpowiedni\u0105 grup\u0119 odbiorc\u00f3w\"}]},{\"@type\":\"WebSite\",\"@id\":\"https:\/\/sociometer.biz\/#website\",\"url\":\"https:\/\/sociometer.biz\/\",\"name\":\"Sociometer\",\"description\":\"\",\"potentialAction\":[{\"@type\":\"SearchAction\",\"target\":{\"@type\":\"EntryPoint\",\"urlTemplate\":\"https:\/\/sociometer.biz\/?s={search_term_string}\"},\"query-input\":\"required name=search_term_string\"}],\"inLanguage\":\"pl-PL\"}]}<\/script>\n<!-- \/ Yoast SEO plugin. -->","yoast_head_json":{"title":"Konfigurowanie odbiorc\u00f3w https:\/\/sociometer.biz\/. Socjometr","description":"Konfigurowanie i wybieranie odbiorc\u00f3w pozwala uzyska\u0107 lepsze wyniki z ankiet i reklam. Socjometr.","robots":{"index":"index","follow":"follow","max-snippet":"max-snippet:-1","max-image-preview":"max-image-preview:large","max-video-preview":"max-video-preview:-1"},"canonical":"https:\/\/sociometer.biz\/nalashtuvannya-audytoriyi\/","og_locale":"pl_PL","og_type":"article","og_title":"Konfigurowanie odbiorc\u00f3w https:\/\/sociometer.biz\/. Socjometr","og_description":"Konfigurowanie i wybieranie odbiorc\u00f3w pozwala uzyska\u0107 lepsze wyniki z ankiet i reklam. Socjometr.","og_url":"https:\/\/sociometer.biz\/nalashtuvannya-audytoriyi\/","og_site_name":"Sociometer","article_modified_time":"2023-08-14T20:00:33+00:00","og_image":[{"width":600,"height":349,"url":"https:\/\/sociometer.biz\/wp-content\/uploads\/2023\/07\/log_sm-e1690448737180.png","type":"image\/png"}],"twitter_card":"summary_large_image","twitter_misc":{"Szacowany czas czytania":"3 minuty"},"schema":{"@context":"https:\/\/schema.org","@graph":[{"@type":"WebPage","@id":"https:\/\/sociometer.biz\/nalashtuvannya-audytoriyi\/","url":"https:\/\/sociometer.biz\/nalashtuvannya-audytoriyi\/","name":"Konfigurowanie odbiorc\u00f3w https:\/\/sociometer.biz\/. Socjometr","isPartOf":{"@id":"https:\/\/sociometer.biz\/#website"},"datePublished":"2023-07-22T21:10:15+00:00","dateModified":"2023-08-14T20:00:33+00:00","description":"Konfigurowanie i wybieranie odbiorc\u00f3w pozwala uzyska\u0107 lepsze wyniki z ankiet i reklam. Socjometr.","breadcrumb":{"@id":"https:\/\/sociometer.biz\/nalashtuvannya-audytoriyi\/#breadcrumb"},"inLanguage":"pl-PL","potentialAction":[{"@type":"ReadAction","target":["https:\/\/sociometer.biz\/nalashtuvannya-audytoriyi\/"]}]},{"@type":"BreadcrumbList","@id":"https:\/\/sociometer.biz\/nalashtuvannya-audytoriyi\/#breadcrumb","itemListElement":[{"@type":"ListItem","position":1,"name":"\u0413\u043e\u043b\u043e\u0432\u043d\u0430","item":"https:\/\/sociometer.biz\/pl\/"},{"@type":"ListItem","position":2,"name":"Skonfiguruj odpowiedni\u0105 grup\u0119 odbiorc\u00f3w"}]},{"@type":"WebSite","@id":"https:\/\/sociometer.biz\/#website","url":"https:\/\/sociometer.biz\/","name":"Sociometer","description":"","potentialAction":[{"@type":"SearchAction","target":{"@type":"EntryPoint","urlTemplate":"https:\/\/sociometer.biz\/?s={search_term_string}"},"query-input":"required name=search_term_string"}],"inLanguage":"pl-PL"}]}},"_links":{"self":[{"href":"https:\/\/sociometer.biz\/pl\/wp-json\/wp\/v2\/pages\/1445","targetHints":{"allow":["GET"]}}],"collection":[{"href":"https:\/\/sociometer.biz\/pl\/wp-json\/wp\/v2\/pages"}],"about":[{"href":"https:\/\/sociometer.biz\/pl\/wp-json\/wp\/v2\/types\/page"}],"author":[{"embeddable":true,"href":"https:\/\/sociometer.biz\/pl\/wp-json\/wp\/v2\/users\/1"}],"replies":[{"embeddable":true,"href":"https:\/\/sociometer.biz\/pl\/wp-json\/wp\/v2\/comments?post=1445"}],"version-history":[{"count":2,"href":"https:\/\/sociometer.biz\/pl\/wp-json\/wp\/v2\/pages\/1445\/revisions"}],"predecessor-version":[{"id":1634,"href":"https:\/\/sociometer.biz\/pl\/wp-json\/wp\/v2\/pages\/1445\/revisions\/1634"}],"wp:featuredmedia":[{"embeddable":true,"href":"https:\/\/sociometer.biz\/pl\/wp-json\/wp\/v2\/media\/1456"}],"wp:attachment":[{"href":"https:\/\/sociometer.biz\/pl\/wp-json\/wp\/v2\/media?parent=1445"}],"curies":[{"name":"wp","href":"https:\/\/api.w.org\/{rel}","templated":true}]}}