{"id":1436,"date":"2023-07-23T00:18:42","date_gmt":"2023-07-22T21:18:42","guid":{"rendered":"https:\/\/sociometer.biz\/badania-socjologiczne\/"},"modified":"2023-08-23T21:09:55","modified_gmt":"2023-08-23T18:09:55","slug":"badania-socjologiczne","status":"publish","type":"page","link":"https:\/\/sociometer.biz\/pl\/badania-socjologiczne\/","title":{"rendered":"Badania socjologiczne w Internecie."},"content":{"rendered":"<p>&nbsp;<\/p>\n<h3>Gromadzenie danych przenosi si\u0119 z rozm\u00f3w telefonicznych i ulic do Internetu.<\/h3>\n<p>Badania socjologiczne s\u0105 wa\u017cnym narz\u0119dziem gromadzenia danych o zjawiskach spo\u0142ecznych, opiniach, preferencjach i zachowaniach ludzi. Umo\u017cliwiaj\u0105 prowadzenie bada\u0144 naukowych, analizowanie trend\u00f3w spo\u0142ecznych, ustalanie powi\u0105za\u0144 i wp\u0142ywu r\u00f3\u017cnych czynnik\u00f3w na spo\u0142ecze\u0144stwo i jednostki.<\/p>\n<p>&nbsp;<\/p>\n<p>Do prowadzenia bada\u0144 socjologicznych cz\u0119sto wykorzystuje si\u0119 wyspecjalizowane serwisy, kt\u00f3re posiadaj\u0105 w swoim arsenale oprogramowanie do tworzenia ankiet, przetwarzania i analizy danych. Serwisy takie udost\u0119pniaj\u0105 wygodne narz\u0119dzia do tworzenia ankiet, przygotowywania pyta\u0144, ustawiania opcji odpowiedzi, definiowania logiki ankiety i sprawdzania jako\u015bci danych.<\/p>\n<h3>\nNiekt\u00f3re zalety korzystania z witryn profilowych do ankiet.<\/h3>\n<p>Jedn\u0105 z g\u0142\u00f3wnych zalet korzystania z serwis\u00f3w ankietowych jest szybko\u015b\u0107 i \u0142atwo\u015b\u0107 gromadzenia danych. Ankiet\u0119 mo\u017cna zamie\u015bci\u0107 w serwisie i udost\u0119pni\u0107 szerokiemu gronu odbiorc\u00f3w w dogodnym dla nich czasie. Ludzie mog\u0105 wype\u0142nia\u0107 ankiety w dogodnym dla nich formacie, na swoich urz\u0105dzeniach, gdzie i kiedy jest to dla nich wygodne. Dodatkowo pozwala na zbieranie danych w czasie rzeczywistym i uzyskiwanie szybkich wynik\u00f3w.<\/p>\n<p>&nbsp;<\/p>\n<p>Strony ankietowe udost\u0119pniaj\u0105 tak\u017ce narz\u0119dzia do przetwarzania i analizy danych. Umo\u017cliwiaj\u0105 grupowanie, filtrowanie i analizowanie odpowiedzi, tworzenie wykres\u00f3w i wykres\u00f3w w celu wizualizacji wynik\u00f3w. Takie mo\u017cliwo\u015bci u\u0142atwiaj\u0105 analiz\u0119 i wyci\u0105ganie wa\u017cnych wniosk\u00f3w z zebranych danych.<\/p>\n<p>&nbsp;<\/p>\n<h3>Narz\u0119dzia do analizy i przetwarzania danych.<\/h3>\n<p>Ponadto istotne jest tak\u017ce pozyskanie narz\u0119dzi analizy statystycznej do bada\u0144 socjologicznych. Pozwala to na bardziej szczeg\u00f3\u0142owe przetwarzanie danych, identyfikacj\u0119 istotnych statystycznie zale\u017cno\u015bci, dokonywanie por\u00f3wna\u0144 pomi\u0119dzy r\u00f3\u017cnymi grupami i analiz\u0119 trend\u00f3w.<\/p>\n<p>&nbsp;<\/p>\n<h3>R\u00f3\u017cne formy ankiet na stronie.<\/h3>\n<p>Ankiety w serwisie mog\u0105 przybiera\u0107 r\u00f3\u017cne formy &#8211; od prostych ankiet z jednym pytaniem po z\u0142o\u017cone ankiety z wieloma pytaniami i rozga\u0142\u0119zion\u0105 logik\u0105. Wa\u017cne jest, aby przeprowadza\u0107 badania ankietowe z uwzgl\u0119dnieniem zasad naukowych socjologii, takich jak dob\u00f3r losowy, reprezentatywno\u015b\u0107, poufno\u015b\u0107, etyka itp.<\/p>\n<p>&nbsp;<\/p>\n<p>Strony do bada\u0144 socjologicznych mog\u0105 posiada\u0107 r\u00f3\u017cne funkcjonalno\u015bci, takie jak automatyczne generowanie raport\u00f3w statystycznych, eksport danych w r\u00f3\u017cnych formatach (np. Excel, CSV), mo\u017cliwo\u015b\u0107 powi\u0105zania z analiz\u0105 wynik\u00f3w, integracja z innymi programami do przetwarzania danych.<\/p>\n<p>&nbsp;<\/p>\n<h3>Wa\u017cne jest, aby zrozumie\u0107, \u017ce badania socjologiczne wymagaj\u0105 umiej\u0119tno\u015bci specjalist\u00f3w socjologii.<\/h3>\n<p>Korzystanie z witryn z ankietami jest do\u015b\u0107 proste i dost\u0119pne dla wi\u0119kszo\u015bci u\u017cytkownik\u00f3w. Nale\u017cy jednak pami\u0119ta\u0107, \u017ce prawid\u0142owe przeprowadzenie badania socjologicznego wymaga pewnej wiedzy i umiej\u0119tno\u015bci z zakresu socjologii, statystyki i bada\u0144. Konieczne jest uwzgl\u0119dnienie zasad metodologicznych, prawid\u0142owe formu\u0142owanie pyta\u0144, opracowanie odpowiedniej logiki badania oraz zapewnienie integralno\u015bci i poufno\u015bci danych uczestnik\u00f3w.<\/p>\n<p>&nbsp;<\/p>\n<p>Serwisy bada\u0144 socjologicznych s\u0105 zatem wa\u017cnym narz\u0119dziem gromadzenia i analizowania danych o zjawiskach spo\u0142ecznych i zachowaniach ludzi. Dostarczaj\u0105 wygodnych narz\u0119dzi do tworzenia ankiet, przetwarzania i analizy danych. Aby jednak skutecznie przeprowadzi\u0107 badanie socjologiczne, konieczne jest posiadanie wiedzy naukowej i umiej\u0119tno\u015bci w tym zakresie.<\/p>\n<h3><\/h3>\n<h3>Co\u015b o socjometrze.<\/h3>\n<p>To co wyr\u00f3\u017cnia <a href=\"https:\/\/sociometer.biz\/pl\/\">SocioMeter.biz<\/a> to obecno\u015b\u0107 <a href=\"https:\/\/dm.sociometer.biz\/outer\/poll\/19\/a6ca89433233d95c3bccd1fdb4986f91\/results\">po\u0142\u0105czonych filtr\u00f3w<\/a> do analizy wynik\u00f3w ankiet oraz dost\u0119pno\u015b\u0107 mo\u017cliwo\u015bci prowadzenia p\u0142atnych ankiet w\u015br\u00f3d respondent\u00f3w &#8211; u\u017cytkownik\u00f3w Sociometru. Istniej\u0105 r\u00f3wnie\u017c narz\u0119dzia do bezp\u0142atnej komunikacji.<\/p>\n","protected":false},"excerpt":{"rendered":"<p>&nbsp; Gromadzenie danych przenosi si\u0119 z rozm\u00f3w telefonicznych i ulic do Internetu. Badania socjologiczne s\u0105 wa\u017cnym narz\u0119dziem gromadzenia danych o zjawiskach spo\u0142ecznych, opiniach, preferencjach i zachowaniach ludzi. Umo\u017cliwiaj\u0105 prowadzenie bada\u0144&#8230;<\/p>\n","protected":false},"author":1,"featured_media":0,"parent":0,"menu_order":0,"comment_status":"closed","ping_status":"closed","template":"","meta":{"footnotes":""},"class_list":["post-1436","page","type-page","status-publish","hentry"],"acf":[],"yoast_head":"<!-- This site is optimized with the Yoast SEO plugin v20.12 - https:\/\/yoast.com\/wordpress\/plugins\/seo\/ -->\n<title>Badania socjologiczne w Internecie. G\u0142osowanie. SocioMeter.biz<\/title>\n<meta name=\"description\" content=\"SocioMeter.biz to najwyra\u017aniej nie tylko wygodne narz\u0119dzie z pot\u0119\u017cnymi mo\u017cliwo\u015bciami prowadzenia bada\u0144 socjologicznych, ale tak\u017ce \u0142atwe w obs\u0142udze\" \/>\n<meta name=\"robots\" content=\"index, follow, max-snippet:-1, max-image-preview:large, max-video-preview:-1\" \/>\n<link rel=\"canonical\" href=\"https:\/\/sociometer.biz\/sociometer-biz\/\" \/>\n<meta property=\"og:locale\" content=\"pl_PL\" \/>\n<meta property=\"og:type\" content=\"article\" \/>\n<meta property=\"og:title\" content=\"Badania socjologiczne w Internecie. G\u0142osowanie. SocioMeter.biz\" \/>\n<meta property=\"og:description\" content=\"SocioMeter.biz to najwyra\u017aniej nie tylko wygodne narz\u0119dzie z pot\u0119\u017cnymi mo\u017cliwo\u015bciami prowadzenia bada\u0144 socjologicznych, ale tak\u017ce \u0142atwe w obs\u0142udze\" \/>\n<meta property=\"og:url\" content=\"https:\/\/sociometer.biz\/sociometer-biz\/\" \/>\n<meta property=\"og:site_name\" content=\"Sociometer\" \/>\n<meta property=\"article:modified_time\" content=\"2023-08-23T18:09:55+00:00\" \/>\n<meta name=\"twitter:card\" content=\"summary_large_image\" \/>\n<meta name=\"twitter:label1\" content=\"Szacowany czas czytania\" \/>\n\t<meta name=\"twitter:data1\" content=\"3 minuty\" \/>\n<script type=\"application\/ld+json\" class=\"yoast-schema-graph\">{\"@context\":\"https:\/\/schema.org\",\"@graph\":[{\"@type\":\"WebPage\",\"@id\":\"https:\/\/sociometer.biz\/sociometer-biz\/\",\"url\":\"https:\/\/sociometer.biz\/sociometer-biz\/\",\"name\":\"Badania socjologiczne w Internecie. G\u0142osowanie. SocioMeter.biz\",\"isPartOf\":{\"@id\":\"https:\/\/sociometer.biz\/#website\"},\"datePublished\":\"2023-07-22T21:18:42+00:00\",\"dateModified\":\"2023-08-23T18:09:55+00:00\",\"description\":\"SocioMeter.biz to najwyra\u017aniej nie tylko wygodne narz\u0119dzie z pot\u0119\u017cnymi mo\u017cliwo\u015bciami prowadzenia bada\u0144 socjologicznych, ale tak\u017ce \u0142atwe w obs\u0142udze\",\"breadcrumb\":{\"@id\":\"https:\/\/sociometer.biz\/sociometer-biz\/#breadcrumb\"},\"inLanguage\":\"pl-PL\",\"potentialAction\":[{\"@type\":\"ReadAction\",\"target\":[\"https:\/\/sociometer.biz\/sociometer-biz\/\"]}]},{\"@type\":\"BreadcrumbList\",\"@id\":\"https:\/\/sociometer.biz\/sociometer-biz\/#breadcrumb\",\"itemListElement\":[{\"@type\":\"ListItem\",\"position\":1,\"name\":\"\u0413\u043e\u043b\u043e\u0432\u043d\u0430\",\"item\":\"https:\/\/sociometer.biz\/pl\/\"},{\"@type\":\"ListItem\",\"position\":2,\"name\":\"Badania socjologiczne w Internecie.\"}]},{\"@type\":\"WebSite\",\"@id\":\"https:\/\/sociometer.biz\/#website\",\"url\":\"https:\/\/sociometer.biz\/\",\"name\":\"Sociometer\",\"description\":\"\",\"potentialAction\":[{\"@type\":\"SearchAction\",\"target\":{\"@type\":\"EntryPoint\",\"urlTemplate\":\"https:\/\/sociometer.biz\/?s={search_term_string}\"},\"query-input\":\"required name=search_term_string\"}],\"inLanguage\":\"pl-PL\"}]}<\/script>\n<!-- \/ Yoast SEO plugin. -->","yoast_head_json":{"title":"Badania socjologiczne w Internecie. G\u0142osowanie. SocioMeter.biz","description":"SocioMeter.biz to najwyra\u017aniej nie tylko wygodne narz\u0119dzie z pot\u0119\u017cnymi mo\u017cliwo\u015bciami prowadzenia bada\u0144 socjologicznych, ale tak\u017ce \u0142atwe w obs\u0142udze","robots":{"index":"index","follow":"follow","max-snippet":"max-snippet:-1","max-image-preview":"max-image-preview:large","max-video-preview":"max-video-preview:-1"},"canonical":"https:\/\/sociometer.biz\/sociometer-biz\/","og_locale":"pl_PL","og_type":"article","og_title":"Badania socjologiczne w Internecie. G\u0142osowanie. SocioMeter.biz","og_description":"SocioMeter.biz to najwyra\u017aniej nie tylko wygodne narz\u0119dzie z pot\u0119\u017cnymi mo\u017cliwo\u015bciami prowadzenia bada\u0144 socjologicznych, ale tak\u017ce \u0142atwe w obs\u0142udze","og_url":"https:\/\/sociometer.biz\/sociometer-biz\/","og_site_name":"Sociometer","article_modified_time":"2023-08-23T18:09:55+00:00","twitter_card":"summary_large_image","twitter_misc":{"Szacowany czas czytania":"3 minuty"},"schema":{"@context":"https:\/\/schema.org","@graph":[{"@type":"WebPage","@id":"https:\/\/sociometer.biz\/sociometer-biz\/","url":"https:\/\/sociometer.biz\/sociometer-biz\/","name":"Badania socjologiczne w Internecie. G\u0142osowanie. SocioMeter.biz","isPartOf":{"@id":"https:\/\/sociometer.biz\/#website"},"datePublished":"2023-07-22T21:18:42+00:00","dateModified":"2023-08-23T18:09:55+00:00","description":"SocioMeter.biz to najwyra\u017aniej nie tylko wygodne narz\u0119dzie z pot\u0119\u017cnymi mo\u017cliwo\u015bciami prowadzenia bada\u0144 socjologicznych, ale tak\u017ce \u0142atwe w obs\u0142udze","breadcrumb":{"@id":"https:\/\/sociometer.biz\/sociometer-biz\/#breadcrumb"},"inLanguage":"pl-PL","potentialAction":[{"@type":"ReadAction","target":["https:\/\/sociometer.biz\/sociometer-biz\/"]}]},{"@type":"BreadcrumbList","@id":"https:\/\/sociometer.biz\/sociometer-biz\/#breadcrumb","itemListElement":[{"@type":"ListItem","position":1,"name":"\u0413\u043e\u043b\u043e\u0432\u043d\u0430","item":"https:\/\/sociometer.biz\/pl\/"},{"@type":"ListItem","position":2,"name":"Badania socjologiczne w Internecie."}]},{"@type":"WebSite","@id":"https:\/\/sociometer.biz\/#website","url":"https:\/\/sociometer.biz\/","name":"Sociometer","description":"","potentialAction":[{"@type":"SearchAction","target":{"@type":"EntryPoint","urlTemplate":"https:\/\/sociometer.biz\/?s={search_term_string}"},"query-input":"required name=search_term_string"}],"inLanguage":"pl-PL"}]}},"_links":{"self":[{"href":"https:\/\/sociometer.biz\/pl\/wp-json\/wp\/v2\/pages\/1436","targetHints":{"allow":["GET"]}}],"collection":[{"href":"https:\/\/sociometer.biz\/pl\/wp-json\/wp\/v2\/pages"}],"about":[{"href":"https:\/\/sociometer.biz\/pl\/wp-json\/wp\/v2\/types\/page"}],"author":[{"embeddable":true,"href":"https:\/\/sociometer.biz\/pl\/wp-json\/wp\/v2\/users\/1"}],"replies":[{"embeddable":true,"href":"https:\/\/sociometer.biz\/pl\/wp-json\/wp\/v2\/comments?post=1436"}],"version-history":[{"count":2,"href":"https:\/\/sociometer.biz\/pl\/wp-json\/wp\/v2\/pages\/1436\/revisions"}],"predecessor-version":[{"id":1658,"href":"https:\/\/sociometer.biz\/pl\/wp-json\/wp\/v2\/pages\/1436\/revisions\/1658"}],"wp:attachment":[{"href":"https:\/\/sociometer.biz\/pl\/wp-json\/wp\/v2\/media?parent=1436"}],"curies":[{"name":"wp","href":"https:\/\/api.w.org\/{rel}","templated":true}]}}