{"id":1428,"date":"2023-07-23T00:18:22","date_gmt":"2023-07-22T21:18:22","guid":{"rendered":"https:\/\/sociometer.biz\/grupy-fokusowe-i-konkursy\/"},"modified":"2023-08-21T16:43:13","modified_gmt":"2023-08-21T13:43:13","slug":"grupy-fokusowe-i-konkursy","status":"publish","type":"page","link":"https:\/\/sociometer.biz\/pl\/grupy-fokusowe-i-konkursy\/","title":{"rendered":"GRUPY FOKUSOWE I KONKURSY"},"content":{"rendered":"<p>&nbsp;<\/p>\n<p>&nbsp;<\/p>\n<p>&nbsp;<\/p>\n<h4>GRUPA BADAWCZA<\/h4>\n<h3>\nPrzeprowadzanie bada\u0144 marketingowych.<\/h3>\n<p>Grupy fokusowe to pot\u0119\u017cne narz\u0119dzie do prowadzenia bada\u0144 marketingowych i pozyskiwania informacji o postawach konsumenckich. Pozwalaj\u0105 firmom uzyska\u0107 znacz\u0105cy wgl\u0105d w potrzeby i \u017cyczenia swoich klient\u00f3w.<\/p>\n<p>&nbsp;<\/p>\n<p>Grupy fokusowe to specjalnie wyselekcjonowane grupy os\u00f3b, kt\u00f3re spotykaj\u0105 si\u0119, aby om\u00f3wi\u0107 okre\u015blony temat lub produkt. Cz\u0142onkowie grupy wyra\u017caj\u0105 swoje opinie, wra\u017cenia i wyra\u017caj\u0105 swoje sugestie dotycz\u0105ce produktu lub us\u0142ugi firmy. Grupy fokusowe zwykle odbywaj\u0105 si\u0119 z pomoc\u0105 mediator\u00f3w lub facylitator\u00f3w, kt\u00f3rzy kieruj\u0105 dyskusj\u0105 i zadaj\u0105 pytania, aby zebra\u0107 jak najwi\u0119cej przydatnych informacji.<\/p>\n<p>&nbsp;<\/p>\n<h3>Metoda grupy fokusowej.<\/h3>\n<p>Aby uzyska\u0107 najbardziej efektywne wyniki, mo\u017cna zastosowa\u0107 metod\u0119 grup fokusowych. Na przyk\u0142ad grupa fokusowa mo\u017ce by\u0107 wykorzystana do zebrania informacji konsumenckich na temat okre\u015blonego produktu, po czym mo\u017cna rozpocz\u0105\u0107 organizacj\u0119 nowej kampanii reklamowej, w miar\u0119 mo\u017cliwo\u015bci dostosowanej do potrzeb konsument\u00f3w. To nie tylko przyci\u0105gnie wi\u0119ksz\u0105 uwag\u0119 do produktu, ale tak\u017ce pozwoli firmie uzyska\u0107 cenne informacje na temat jego skuteczno\u015bci i zadowolenia klient\u00f3w.<\/p>\n<p>&nbsp;<\/p>\n<h3>Badanie konkurencji.<\/h3>\n<p>Grupy fokusowe mog\u0105 by\u0107 r\u00f3wnie\u017c przydatnym narz\u0119dziem do badania konkurencji. Firmy mog\u0105 przeprowadzi\u0107 grupy fokusowe, podczas kt\u00f3rych uczestnicy zostan\u0105 zapytani o ich stosunek do konkurencyjnych ofert. Pozwoli to firmie zrozumie\u0107, w jaki spos\u00f3b ich produkty lub us\u0142ugi wypadaj\u0105 w por\u00f3wnaniu z innymi na rynku, oraz utrzyma\u0107 lub poprawi\u0107 swoj\u0105 pozycj\u0119 konkurencyjn\u0105.<\/p>\n<p>&nbsp;<\/p>\n<h3>Analiza skuteczno\u015bci kampanii reklamowych.<\/h3>\n<p>Ponadto grupy fokusowe mog\u0105 by\u0107 wykorzystywane do analizy skuteczno\u015bci kampanii reklamowych. Firmy mog\u0105 organizowa\u0107 grupy fokusowe, podczas kt\u00f3rych uczestnicy oceniaj\u0105 i omawiaj\u0105 materia\u0142y reklamowe. Pomo\u017ce to firmie dowiedzie\u0107 si\u0119, jak jej reklama jest postrzegana przez konsument\u00f3w i jak poprawi\u0107 jej skuteczno\u015b\u0107.<\/p>\n<p>&nbsp;<\/p>\n<p>Wszystko to pokazuje, jak wa\u017cne i przydatne s\u0105 grupy fokusowe dla firm, kt\u00f3re chc\u0105 zdoby\u0107 wi\u0119cej informacji konsumenckich, zwr\u00f3ci\u0107 uwag\u0119 na swoj\u0105 mark\u0119 i poprawi\u0107 swoj\u0105 konkurencyjno\u015b\u0107.<\/p>\n<p>&nbsp;<\/p>\n<h4>ZAWODY<\/h4>\n<h3>\nKonkurencja to pot\u0119\u017cne narz\u0119dzie marketingowe.<\/h3>\n<p>Konkursy to pot\u0119\u017cne narz\u0119dzie przyci\u0105gania uwagi do produkt\u00f3w lub us\u0142ug firmy. Pomagaj\u0105 budowa\u0107 i anga\u017cowa\u0107 odbiorc\u00f3w, przyci\u0105ga\u0107 nowych klient\u00f3w, poszerza\u0107 baz\u0119 danych i zwi\u0119ksza\u0107 \u015bwiadomo\u015b\u0107 marki.<\/p>\n<p>&nbsp;<\/p>\n<p>Jednymi z najpopularniejszych konkurs\u00f3w s\u0105 promocje, w kt\u00f3rych uczestnicy maj\u0105 mo\u017cliwo\u015b\u0107 wygrania produkt\u00f3w lub us\u0142ug firmy. Mo\u017ce to by\u0107 loteria fantowa, bony upominkowe lub wycieczki i nagrody pieni\u0119\u017cne. Udzia\u0142 w takich konkursach jest prosty \u2013 zazwyczaj trzeba si\u0119 zarejestrowa\u0107, wype\u0142ni\u0107 formularz lub spe\u0142ni\u0107 okre\u015blony warunek, np. udost\u0119pni\u0107 post na portalach spo\u0142eczno\u015bciowych lub odpowiedzie\u0107 na pytanie.<\/p>\n<p>&nbsp;<\/p>\n<h3>Konkursy przyci\u0105gaj\u0105 uwag\u0119.<\/h3>\n<p>Konkursy pozwalaj\u0105 firmom osi\u0105gn\u0105\u0107 kilka cel\u00f3w jednocze\u015bnie. Przede wszystkim przyci\u0105gaj\u0105 uwag\u0119 nowych klient\u00f3w. Dobra nagroda lub atrakcyjne warunki uczestnictwa zach\u0119caj\u0105 do zapoznania si\u0119 z produktem lub us\u0142ug\u0105 i spr\u00f3bowania. Ponadto konkursy cz\u0119sto staj\u0105 si\u0119 okazj\u0105 do aktywnego rozpowszechniania informacji. Entuzjastyczni uczestnicy wykorzystuj\u0105 swoje sieci spo\u0142eczno\u015bciowe i inne kana\u0142y komunikacji, aby szybko rozpowszechni\u0107 informacje o konkursie, co pozwala zwi\u0119kszy\u0107 \u015bwiadomo\u015b\u0107 marki w\u015br\u00f3d szerokiego grona odbiorc\u00f3w.<\/p>\n<p>&nbsp;<\/p>\n<h3>\u0179r\u00f3d\u0142o cennych informacji.<\/h3>\n<p>Konkursy pomagaj\u0105 r\u00f3wnie\u017c firmom zebra\u0107 cenne informacje o ich potencjalnych klientach. Ponadto zazwyczaj przed przyst\u0105pieniem do konkursu uczestnicy musz\u0105 wype\u0142ni\u0107 formularz z danymi osobowymi. Daje to firmie mo\u017cliwo\u015b\u0107 poszerzenia swojej bazy danych i pozyskania cennych informacji o potencjalnych klientach takich jak imi\u0119 i nazwisko, email, wiek, miejsce zamieszkania itp. Gromadz\u0105c takie dane, firma mo\u017ce tworzy\u0107 bardziej spersonalizowane kampanie marketingowe i oferty dla swoich klient\u00f3w.<\/p>\n<p>&nbsp;<\/p>\n<h3>Udzia\u0142 w konkursie.<\/h3>\n<p>Z udzia\u0142u w konkursie korzystaj\u0105 r\u00f3wnie\u017c sami uczestnicy. Przede wszystkim nagrody i nagrody, kt\u00f3re mog\u0105 wygra\u0107, s\u0105 zach\u0119t\u0105 do udzia\u0142u. Dzi\u0119ki konkursom ludzie maj\u0105 mo\u017cliwo\u015b\u0107 bezp\u0142atnego wypr\u00f3bowania nowego produktu lub us\u0142ugi, wygrania znacznych rabat\u00f3w. Ponadto udzia\u0142 w konkursach mo\u017ce by\u0107 ekscytuj\u0105c\u0105 i przyjemn\u0105 rozrywk\u0105, a tak\u017ce sposobem na zdobycie nowej wiedzy lub umiej\u0119tno\u015bci.<\/p>\n<p>&nbsp;<\/p>\n<h3>Nagrody i wyr\u00f3\u017cnienia.<\/h3>\n<p><a href=\"https:\/\/sociometer.biz\/pl\/\">Konkursy<\/a> na sta\u0142e wpisa\u0142y si\u0119 w strategi\u0119 biznesow\u0105 wielu firm, gdy\u017c okaza\u0142y si\u0119 skutecznym narz\u0119dziem przyci\u0105gania uwagi do ich produkt\u00f3w lub us\u0142ug. Nie tylko przyci\u0105gaj\u0105 nowych klient\u00f3w, ale tak\u017ce zwi\u0119kszaj\u0105 \u015bwiadomo\u015b\u0107 marki w\u015br\u00f3d szerokiego grona odbiorc\u00f3w. Takie promocje pozwalaj\u0105 firmom zbiera\u0107 cenne informacje, kt\u00f3re u\u0142atwiaj\u0105 opracowywanie spersonalizowanych strategii marketingowych i ofert. Z udzia\u0142u w konkursach korzystaj\u0105 tak\u017ce sami uczestnicy, kt\u00f3rzy maj\u0105 mo\u017cliwo\u015b\u0107 wygrania znacz\u0105cych nagr\u00f3d lub got\u00f3wki.<\/p>\n<p>&nbsp;<\/p>\n<h3>Przyci\u0105ganie nowych klient\u00f3w.<\/h3>\n<p>Konkursy s\u0105 wi\u0119c \u015bwietnym sposobem na zwr\u00f3cenie uwagi na produkty lub us\u0142ugi firmy. Pomagaj\u0105 pozyska\u0107 nowych klient\u00f3w, poszerzy\u0107 baz\u0119 danych i zwi\u0119kszy\u0107 rozpoznawalno\u015b\u0107 marki. Ponadto udzia\u0142 w konkursach daje uczestnikom mo\u017cliwo\u015b\u0107 zdobycia cennych nagr\u00f3d i zdobycia rozmaitych wyr\u00f3\u017cnie\u0144. Dlatego firmy maj\u0105 wiele korzy\u015bci z organizowania konkurs\u00f3w, a uczestnicy zyskuj\u0105 ekscytuj\u0105cy i po\u017cyteczny czas wolny.<\/p>\n<p>&nbsp;<\/p>\n<p><a href=\"https:\/\/sociometer.biz\/pl\/\">SocioMeter.biz<\/a> posiada unikalne narz\u0119dzia przeznaczone do organizowania konkurs\u00f3w online i okre\u015blania zwyci\u0119zc\u00f3w. Firmy, uczestnicy i ich fani wzbudzaj\u0105 publiczne emocje i przyci\u0105gaj\u0105 uwag\u0119 bezpo\u015brednio do wydarze\u0144.<\/p>\n<p>&nbsp;<\/p>\n","protected":false},"excerpt":{"rendered":"<p>&nbsp; &nbsp; &nbsp; GRUPA BADAWCZA Przeprowadzanie bada\u0144 marketingowych. Grupy fokusowe to pot\u0119\u017cne narz\u0119dzie do prowadzenia bada\u0144 marketingowych i pozyskiwania informacji o postawach konsumenckich. Pozwalaj\u0105 firmom uzyska\u0107 znacz\u0105cy wgl\u0105d w potrzeby&#8230;<\/p>\n","protected":false},"author":1,"featured_media":0,"parent":0,"menu_order":0,"comment_status":"closed","ping_status":"closed","template":"","meta":{"footnotes":""},"class_list":["post-1428","page","type-page","status-publish","hentry"],"acf":[],"yoast_head":"<!-- This site is optimized with the Yoast SEO plugin v20.12 - https:\/\/yoast.com\/wordpress\/plugins\/seo\/ -->\n<title>Konkursy grup fokusowych SocioMeter.biz. Socjometr<\/title>\n<meta name=\"description\" content=\"Prowadzenie grup fokusowych i konkurs\u00f3w. To pot\u0119\u017cne narz\u0119dzia marketingowe. Pozwalaj\u0105 otrzyma\u0107 cenne dane i zwr\u00f3ci\u0107 uwag\u0119 na mark\u0119\" \/>\n<meta name=\"robots\" content=\"index, follow, max-snippet:-1, max-image-preview:large, max-video-preview:-1\" \/>\n<link rel=\"canonical\" href=\"https:\/\/sociometer.biz\/fokus-grupy-ta-konkursy\/\" \/>\n<meta property=\"og:locale\" content=\"pl_PL\" \/>\n<meta property=\"og:type\" content=\"article\" \/>\n<meta property=\"og:title\" content=\"Konkursy grup fokusowych SocioMeter.biz. Socjometr\" \/>\n<meta property=\"og:description\" content=\"Prowadzenie grup fokusowych i konkurs\u00f3w. To pot\u0119\u017cne narz\u0119dzia marketingowe. Pozwalaj\u0105 otrzyma\u0107 cenne dane i zwr\u00f3ci\u0107 uwag\u0119 na mark\u0119\" \/>\n<meta property=\"og:url\" content=\"https:\/\/sociometer.biz\/fokus-grupy-ta-konkursy\/\" \/>\n<meta property=\"og:site_name\" content=\"Sociometer\" \/>\n<meta property=\"article:modified_time\" content=\"2023-08-21T13:43:13+00:00\" \/>\n<meta name=\"twitter:card\" content=\"summary_large_image\" \/>\n<meta name=\"twitter:label1\" content=\"Szacowany czas czytania\" \/>\n\t<meta name=\"twitter:data1\" content=\"4 minuty\" \/>\n<script type=\"application\/ld+json\" class=\"yoast-schema-graph\">{\"@context\":\"https:\/\/schema.org\",\"@graph\":[{\"@type\":\"WebPage\",\"@id\":\"https:\/\/sociometer.biz\/fokus-grupy-ta-konkursy\/\",\"url\":\"https:\/\/sociometer.biz\/fokus-grupy-ta-konkursy\/\",\"name\":\"Konkursy grup fokusowych SocioMeter.biz. Socjometr\",\"isPartOf\":{\"@id\":\"https:\/\/sociometer.biz\/#website\"},\"datePublished\":\"2023-07-22T21:18:22+00:00\",\"dateModified\":\"2023-08-21T13:43:13+00:00\",\"description\":\"Prowadzenie grup fokusowych i konkurs\u00f3w. To pot\u0119\u017cne narz\u0119dzia marketingowe. Pozwalaj\u0105 otrzyma\u0107 cenne dane i zwr\u00f3ci\u0107 uwag\u0119 na mark\u0119\",\"breadcrumb\":{\"@id\":\"https:\/\/sociometer.biz\/fokus-grupy-ta-konkursy\/#breadcrumb\"},\"inLanguage\":\"pl-PL\",\"potentialAction\":[{\"@type\":\"ReadAction\",\"target\":[\"https:\/\/sociometer.biz\/fokus-grupy-ta-konkursy\/\"]}]},{\"@type\":\"BreadcrumbList\",\"@id\":\"https:\/\/sociometer.biz\/fokus-grupy-ta-konkursy\/#breadcrumb\",\"itemListElement\":[{\"@type\":\"ListItem\",\"position\":1,\"name\":\"\u0413\u043e\u043b\u043e\u0432\u043d\u0430\",\"item\":\"https:\/\/sociometer.biz\/pl\/\"},{\"@type\":\"ListItem\",\"position\":2,\"name\":\"GRUPY FOKUSOWE I KONKURSY\"}]},{\"@type\":\"WebSite\",\"@id\":\"https:\/\/sociometer.biz\/#website\",\"url\":\"https:\/\/sociometer.biz\/\",\"name\":\"Sociometer\",\"description\":\"\",\"potentialAction\":[{\"@type\":\"SearchAction\",\"target\":{\"@type\":\"EntryPoint\",\"urlTemplate\":\"https:\/\/sociometer.biz\/?s={search_term_string}\"},\"query-input\":\"required name=search_term_string\"}],\"inLanguage\":\"pl-PL\"}]}<\/script>\n<!-- \/ Yoast SEO plugin. -->","yoast_head_json":{"title":"Konkursy grup fokusowych SocioMeter.biz. Socjometr","description":"Prowadzenie grup fokusowych i konkurs\u00f3w. To pot\u0119\u017cne narz\u0119dzia marketingowe. Pozwalaj\u0105 otrzyma\u0107 cenne dane i zwr\u00f3ci\u0107 uwag\u0119 na mark\u0119","robots":{"index":"index","follow":"follow","max-snippet":"max-snippet:-1","max-image-preview":"max-image-preview:large","max-video-preview":"max-video-preview:-1"},"canonical":"https:\/\/sociometer.biz\/fokus-grupy-ta-konkursy\/","og_locale":"pl_PL","og_type":"article","og_title":"Konkursy grup fokusowych SocioMeter.biz. Socjometr","og_description":"Prowadzenie grup fokusowych i konkurs\u00f3w. To pot\u0119\u017cne narz\u0119dzia marketingowe. Pozwalaj\u0105 otrzyma\u0107 cenne dane i zwr\u00f3ci\u0107 uwag\u0119 na mark\u0119","og_url":"https:\/\/sociometer.biz\/fokus-grupy-ta-konkursy\/","og_site_name":"Sociometer","article_modified_time":"2023-08-21T13:43:13+00:00","twitter_card":"summary_large_image","twitter_misc":{"Szacowany czas czytania":"4 minuty"},"schema":{"@context":"https:\/\/schema.org","@graph":[{"@type":"WebPage","@id":"https:\/\/sociometer.biz\/fokus-grupy-ta-konkursy\/","url":"https:\/\/sociometer.biz\/fokus-grupy-ta-konkursy\/","name":"Konkursy grup fokusowych SocioMeter.biz. Socjometr","isPartOf":{"@id":"https:\/\/sociometer.biz\/#website"},"datePublished":"2023-07-22T21:18:22+00:00","dateModified":"2023-08-21T13:43:13+00:00","description":"Prowadzenie grup fokusowych i konkurs\u00f3w. To pot\u0119\u017cne narz\u0119dzia marketingowe. Pozwalaj\u0105 otrzyma\u0107 cenne dane i zwr\u00f3ci\u0107 uwag\u0119 na mark\u0119","breadcrumb":{"@id":"https:\/\/sociometer.biz\/fokus-grupy-ta-konkursy\/#breadcrumb"},"inLanguage":"pl-PL","potentialAction":[{"@type":"ReadAction","target":["https:\/\/sociometer.biz\/fokus-grupy-ta-konkursy\/"]}]},{"@type":"BreadcrumbList","@id":"https:\/\/sociometer.biz\/fokus-grupy-ta-konkursy\/#breadcrumb","itemListElement":[{"@type":"ListItem","position":1,"name":"\u0413\u043e\u043b\u043e\u0432\u043d\u0430","item":"https:\/\/sociometer.biz\/pl\/"},{"@type":"ListItem","position":2,"name":"GRUPY FOKUSOWE I KONKURSY"}]},{"@type":"WebSite","@id":"https:\/\/sociometer.biz\/#website","url":"https:\/\/sociometer.biz\/","name":"Sociometer","description":"","potentialAction":[{"@type":"SearchAction","target":{"@type":"EntryPoint","urlTemplate":"https:\/\/sociometer.biz\/?s={search_term_string}"},"query-input":"required name=search_term_string"}],"inLanguage":"pl-PL"}]}},"_links":{"self":[{"href":"https:\/\/sociometer.biz\/pl\/wp-json\/wp\/v2\/pages\/1428","targetHints":{"allow":["GET"]}}],"collection":[{"href":"https:\/\/sociometer.biz\/pl\/wp-json\/wp\/v2\/pages"}],"about":[{"href":"https:\/\/sociometer.biz\/pl\/wp-json\/wp\/v2\/types\/page"}],"author":[{"embeddable":true,"href":"https:\/\/sociometer.biz\/pl\/wp-json\/wp\/v2\/users\/1"}],"replies":[{"embeddable":true,"href":"https:\/\/sociometer.biz\/pl\/wp-json\/wp\/v2\/comments?post=1428"}],"version-history":[{"count":2,"href":"https:\/\/sociometer.biz\/pl\/wp-json\/wp\/v2\/pages\/1428\/revisions"}],"predecessor-version":[{"id":1653,"href":"https:\/\/sociometer.biz\/pl\/wp-json\/wp\/v2\/pages\/1428\/revisions\/1653"}],"wp:attachment":[{"href":"https:\/\/sociometer.biz\/pl\/wp-json\/wp\/v2\/media?parent=1428"}],"curies":[{"name":"wp","href":"https:\/\/api.w.org\/{rel}","templated":true}]}}