{"id":1404,"date":"2023-07-04T18:37:30","date_gmt":"2023-07-04T15:37:30","guid":{"rendered":"https:\/\/sociometer.biz\/konsumentow-reklamy\/"},"modified":"2023-07-23T12:21:23","modified_gmt":"2023-07-23T09:21:23","slug":"konsumentow-reklamy","status":"publish","type":"page","link":"https:\/\/sociometer.biz\/pl\/konsumentow-reklamy\/","title":{"rendered":"KONSUMENT\u00d3W REKLAMY"},"content":{"rendered":"<p>Regularnie do\u015bwiadczamy pot\u0119\u017cnego przep\u0142ywu reklam. W\u015br\u00f3d nich jest mn\u00f3stwo niepotrzebnych i zupe\u0142nie niepotrzebnych reklam. Chc\u0119 zobaczy\u0107 dok\u0142adnie te og\u0142oszenia, kt\u00f3re mnie interesuj\u0105. Oznaczaj jego poziom, odpowiadaj na pytania, a co najwa\u017cniejsze &#8211; otrzymuj nagrody i bonusy od sprzedawc\u00f3w towar\u00f3w i us\u0142ugodawc\u00f3w. Podobno to nowy i rewolucyjny spos\u00f3b wsp\u00f3\u0142pracy biznesu z konsumentami.<\/p>\n","protected":false},"excerpt":{"rendered":"<p>Regularnie do\u015bwiadczamy pot\u0119\u017cnego przep\u0142ywu reklam. W\u015br\u00f3d nich jest mn\u00f3stwo niepotrzebnych i zupe\u0142nie niepotrzebnych reklam. Chc\u0119 zobaczy\u0107 dok\u0142adnie te og\u0142oszenia, kt\u00f3re mnie interesuj\u0105. Oznaczaj jego poziom, odpowiadaj na pytania, a co&#8230;<\/p>\n","protected":false},"author":1,"featured_media":0,"parent":0,"menu_order":0,"comment_status":"closed","ping_status":"closed","template":"","meta":{"footnotes":""},"class_list":["post-1404","page","type-page","status-publish","hentry"],"acf":[],"yoast_head":"<!-- This site is optimized with the Yoast SEO plugin v20.12 - https:\/\/yoast.com\/wordpress\/plugins\/seo\/ -->\n<title>KONSUMENT\u00d3W REKLAMY - Sociometer<\/title>\n<meta name=\"robots\" content=\"index, follow, max-snippet:-1, max-image-preview:large, max-video-preview:-1\" \/>\n<link rel=\"canonical\" href=\"https:\/\/sociometer.biz\/spozhyvacham-reklamy\/\" \/>\n<meta property=\"og:locale\" content=\"pl_PL\" \/>\n<meta property=\"og:type\" content=\"article\" \/>\n<meta property=\"og:title\" content=\"KONSUMENT\u00d3W REKLAMY - Sociometer\" \/>\n<meta property=\"og:description\" content=\"Regularnie do\u015bwiadczamy pot\u0119\u017cnego przep\u0142ywu reklam. W\u015br\u00f3d nich jest mn\u00f3stwo niepotrzebnych i zupe\u0142nie niepotrzebnych reklam. Chc\u0119 zobaczy\u0107 dok\u0142adnie te og\u0142oszenia, kt\u00f3re mnie interesuj\u0105. Oznaczaj jego poziom, odpowiadaj na pytania, a co...\" \/>\n<meta property=\"og:url\" content=\"https:\/\/sociometer.biz\/spozhyvacham-reklamy\/\" \/>\n<meta property=\"og:site_name\" content=\"Sociometer\" \/>\n<meta property=\"article:modified_time\" content=\"2023-07-23T09:21:23+00:00\" \/>\n<meta name=\"twitter:card\" content=\"summary_large_image\" \/>\n<script type=\"application\/ld+json\" class=\"yoast-schema-graph\">{\"@context\":\"https:\/\/schema.org\",\"@graph\":[{\"@type\":\"WebPage\",\"@id\":\"https:\/\/sociometer.biz\/spozhyvacham-reklamy\/\",\"url\":\"https:\/\/sociometer.biz\/spozhyvacham-reklamy\/\",\"name\":\"KONSUMENT\u00d3W REKLAMY - Sociometer\",\"isPartOf\":{\"@id\":\"https:\/\/sociometer.biz\/#website\"},\"datePublished\":\"2023-07-04T15:37:30+00:00\",\"dateModified\":\"2023-07-23T09:21:23+00:00\",\"breadcrumb\":{\"@id\":\"https:\/\/sociometer.biz\/spozhyvacham-reklamy\/#breadcrumb\"},\"inLanguage\":\"pl-PL\",\"potentialAction\":[{\"@type\":\"ReadAction\",\"target\":[\"https:\/\/sociometer.biz\/spozhyvacham-reklamy\/\"]}]},{\"@type\":\"BreadcrumbList\",\"@id\":\"https:\/\/sociometer.biz\/spozhyvacham-reklamy\/#breadcrumb\",\"itemListElement\":[{\"@type\":\"ListItem\",\"position\":1,\"name\":\"\u0413\u043e\u043b\u043e\u0432\u043d\u0430\",\"item\":\"https:\/\/sociometer.biz\/pl\/\"},{\"@type\":\"ListItem\",\"position\":2,\"name\":\"KONSUMENT\u00d3W REKLAMY\"}]},{\"@type\":\"WebSite\",\"@id\":\"https:\/\/sociometer.biz\/#website\",\"url\":\"https:\/\/sociometer.biz\/\",\"name\":\"Sociometer\",\"description\":\"\",\"potentialAction\":[{\"@type\":\"SearchAction\",\"target\":{\"@type\":\"EntryPoint\",\"urlTemplate\":\"https:\/\/sociometer.biz\/?s={search_term_string}\"},\"query-input\":\"required name=search_term_string\"}],\"inLanguage\":\"pl-PL\"}]}<\/script>\n<!-- \/ Yoast SEO plugin. -->","yoast_head_json":{"title":"KONSUMENT\u00d3W REKLAMY - Sociometer","robots":{"index":"index","follow":"follow","max-snippet":"max-snippet:-1","max-image-preview":"max-image-preview:large","max-video-preview":"max-video-preview:-1"},"canonical":"https:\/\/sociometer.biz\/spozhyvacham-reklamy\/","og_locale":"pl_PL","og_type":"article","og_title":"KONSUMENT\u00d3W REKLAMY - Sociometer","og_description":"Regularnie do\u015bwiadczamy pot\u0119\u017cnego przep\u0142ywu reklam. W\u015br\u00f3d nich jest mn\u00f3stwo niepotrzebnych i zupe\u0142nie niepotrzebnych reklam. Chc\u0119 zobaczy\u0107 dok\u0142adnie te og\u0142oszenia, kt\u00f3re mnie interesuj\u0105. Oznaczaj jego poziom, odpowiadaj na pytania, a co...","og_url":"https:\/\/sociometer.biz\/spozhyvacham-reklamy\/","og_site_name":"Sociometer","article_modified_time":"2023-07-23T09:21:23+00:00","twitter_card":"summary_large_image","schema":{"@context":"https:\/\/schema.org","@graph":[{"@type":"WebPage","@id":"https:\/\/sociometer.biz\/spozhyvacham-reklamy\/","url":"https:\/\/sociometer.biz\/spozhyvacham-reklamy\/","name":"KONSUMENT\u00d3W REKLAMY - Sociometer","isPartOf":{"@id":"https:\/\/sociometer.biz\/#website"},"datePublished":"2023-07-04T15:37:30+00:00","dateModified":"2023-07-23T09:21:23+00:00","breadcrumb":{"@id":"https:\/\/sociometer.biz\/spozhyvacham-reklamy\/#breadcrumb"},"inLanguage":"pl-PL","potentialAction":[{"@type":"ReadAction","target":["https:\/\/sociometer.biz\/spozhyvacham-reklamy\/"]}]},{"@type":"BreadcrumbList","@id":"https:\/\/sociometer.biz\/spozhyvacham-reklamy\/#breadcrumb","itemListElement":[{"@type":"ListItem","position":1,"name":"\u0413\u043e\u043b\u043e\u0432\u043d\u0430","item":"https:\/\/sociometer.biz\/pl\/"},{"@type":"ListItem","position":2,"name":"KONSUMENT\u00d3W REKLAMY"}]},{"@type":"WebSite","@id":"https:\/\/sociometer.biz\/#website","url":"https:\/\/sociometer.biz\/","name":"Sociometer","description":"","potentialAction":[{"@type":"SearchAction","target":{"@type":"EntryPoint","urlTemplate":"https:\/\/sociometer.biz\/?s={search_term_string}"},"query-input":"required name=search_term_string"}],"inLanguage":"pl-PL"}]}},"_links":{"self":[{"href":"https:\/\/sociometer.biz\/pl\/wp-json\/wp\/v2\/pages\/1404","targetHints":{"allow":["GET"]}}],"collection":[{"href":"https:\/\/sociometer.biz\/pl\/wp-json\/wp\/v2\/pages"}],"about":[{"href":"https:\/\/sociometer.biz\/pl\/wp-json\/wp\/v2\/types\/page"}],"author":[{"embeddable":true,"href":"https:\/\/sociometer.biz\/pl\/wp-json\/wp\/v2\/users\/1"}],"replies":[{"embeddable":true,"href":"https:\/\/sociometer.biz\/pl\/wp-json\/wp\/v2\/comments?post=1404"}],"version-history":[{"count":1,"href":"https:\/\/sociometer.biz\/pl\/wp-json\/wp\/v2\/pages\/1404\/revisions"}],"predecessor-version":[{"id":1405,"href":"https:\/\/sociometer.biz\/pl\/wp-json\/wp\/v2\/pages\/1404\/revisions\/1405"}],"wp:attachment":[{"href":"https:\/\/sociometer.biz\/pl\/wp-json\/wp\/v2\/media?parent=1404"}],"curies":[{"name":"wp","href":"https:\/\/api.w.org\/{rel}","templated":true}]}}