{"id":1396,"date":"2023-07-04T18:37:19","date_gmt":"2023-07-04T15:37:19","guid":{"rendered":"https:\/\/sociometer.biz\/do-badania-uczestnikow\/"},"modified":"2023-07-23T12:16:05","modified_gmt":"2023-07-23T09:16:05","slug":"do-badania-uczestnikow","status":"publish","type":"page","link":"https:\/\/sociometer.biz\/pl\/do-badania-uczestnikow\/","title":{"rendered":"DO BADANIA UCZESTNIK\u00d3W"},"content":{"rendered":"<p>Twoje my\u015bli kszta\u0142tuj\u0105 przysz\u0142o\u015b\u0107. Usystematyzowane i przetworzone opinie wielu os\u00f3b uzyskane za pomoc\u0105 ankiet pozwalaj\u0105 firmom podejmowa\u0107 lepsze decyzje. Za udzia\u0142 w ankietach respondenci otrzymuj\u0105 nagrod\u0119 oraz inne przydatne korzy\u015bci w postaci rabat\u00f3w na towary i us\u0142ugi oraz bonus\u00f3w.<\/p>\n","protected":false},"excerpt":{"rendered":"<p>Twoje my\u015bli kszta\u0142tuj\u0105 przysz\u0142o\u015b\u0107. Usystematyzowane i przetworzone opinie wielu os\u00f3b uzyskane za pomoc\u0105 ankiet pozwalaj\u0105 firmom podejmowa\u0107 lepsze decyzje. Za udzia\u0142 w ankietach respondenci otrzymuj\u0105 nagrod\u0119 oraz inne przydatne korzy\u015bci&#8230;<\/p>\n","protected":false},"author":1,"featured_media":0,"parent":0,"menu_order":0,"comment_status":"closed","ping_status":"closed","template":"","meta":{"footnotes":""},"class_list":["post-1396","page","type-page","status-publish","hentry"],"acf":[],"yoast_head":"<!-- This site is optimized with the Yoast SEO plugin v20.12 - https:\/\/yoast.com\/wordpress\/plugins\/seo\/ -->\n<title>DO BADANIA UCZESTNIK\u00d3W - Sociometer<\/title>\n<meta name=\"robots\" content=\"index, follow, max-snippet:-1, max-image-preview:large, max-video-preview:-1\" \/>\n<link rel=\"canonical\" href=\"https:\/\/sociometer.biz\/uchasnykam-opytuvan\/\" \/>\n<meta property=\"og:locale\" content=\"pl_PL\" \/>\n<meta property=\"og:type\" content=\"article\" \/>\n<meta property=\"og:title\" content=\"DO BADANIA UCZESTNIK\u00d3W - Sociometer\" \/>\n<meta property=\"og:description\" content=\"Twoje my\u015bli kszta\u0142tuj\u0105 przysz\u0142o\u015b\u0107. Usystematyzowane i przetworzone opinie wielu os\u00f3b uzyskane za pomoc\u0105 ankiet pozwalaj\u0105 firmom podejmowa\u0107 lepsze decyzje. Za udzia\u0142 w ankietach respondenci otrzymuj\u0105 nagrod\u0119 oraz inne przydatne korzy\u015bci...\" \/>\n<meta property=\"og:url\" content=\"https:\/\/sociometer.biz\/uchasnykam-opytuvan\/\" \/>\n<meta property=\"og:site_name\" content=\"Sociometer\" \/>\n<meta property=\"article:modified_time\" content=\"2023-07-23T09:16:05+00:00\" \/>\n<meta name=\"twitter:card\" content=\"summary_large_image\" \/>\n<script type=\"application\/ld+json\" class=\"yoast-schema-graph\">{\"@context\":\"https:\/\/schema.org\",\"@graph\":[{\"@type\":\"WebPage\",\"@id\":\"https:\/\/sociometer.biz\/uchasnykam-opytuvan\/\",\"url\":\"https:\/\/sociometer.biz\/uchasnykam-opytuvan\/\",\"name\":\"DO BADANIA UCZESTNIK\u00d3W - Sociometer\",\"isPartOf\":{\"@id\":\"https:\/\/sociometer.biz\/#website\"},\"datePublished\":\"2023-07-04T15:37:19+00:00\",\"dateModified\":\"2023-07-23T09:16:05+00:00\",\"breadcrumb\":{\"@id\":\"https:\/\/sociometer.biz\/uchasnykam-opytuvan\/#breadcrumb\"},\"inLanguage\":\"pl-PL\",\"potentialAction\":[{\"@type\":\"ReadAction\",\"target\":[\"https:\/\/sociometer.biz\/uchasnykam-opytuvan\/\"]}]},{\"@type\":\"BreadcrumbList\",\"@id\":\"https:\/\/sociometer.biz\/uchasnykam-opytuvan\/#breadcrumb\",\"itemListElement\":[{\"@type\":\"ListItem\",\"position\":1,\"name\":\"\u0413\u043e\u043b\u043e\u0432\u043d\u0430\",\"item\":\"https:\/\/sociometer.biz\/pl\/\"},{\"@type\":\"ListItem\",\"position\":2,\"name\":\"DO BADANIA UCZESTNIK\u00d3W\"}]},{\"@type\":\"WebSite\",\"@id\":\"https:\/\/sociometer.biz\/#website\",\"url\":\"https:\/\/sociometer.biz\/\",\"name\":\"Sociometer\",\"description\":\"\",\"potentialAction\":[{\"@type\":\"SearchAction\",\"target\":{\"@type\":\"EntryPoint\",\"urlTemplate\":\"https:\/\/sociometer.biz\/?s={search_term_string}\"},\"query-input\":\"required name=search_term_string\"}],\"inLanguage\":\"pl-PL\"}]}<\/script>\n<!-- \/ Yoast SEO plugin. -->","yoast_head_json":{"title":"DO BADANIA UCZESTNIK\u00d3W - Sociometer","robots":{"index":"index","follow":"follow","max-snippet":"max-snippet:-1","max-image-preview":"max-image-preview:large","max-video-preview":"max-video-preview:-1"},"canonical":"https:\/\/sociometer.biz\/uchasnykam-opytuvan\/","og_locale":"pl_PL","og_type":"article","og_title":"DO BADANIA UCZESTNIK\u00d3W - Sociometer","og_description":"Twoje my\u015bli kszta\u0142tuj\u0105 przysz\u0142o\u015b\u0107. Usystematyzowane i przetworzone opinie wielu os\u00f3b uzyskane za pomoc\u0105 ankiet pozwalaj\u0105 firmom podejmowa\u0107 lepsze decyzje. Za udzia\u0142 w ankietach respondenci otrzymuj\u0105 nagrod\u0119 oraz inne przydatne korzy\u015bci...","og_url":"https:\/\/sociometer.biz\/uchasnykam-opytuvan\/","og_site_name":"Sociometer","article_modified_time":"2023-07-23T09:16:05+00:00","twitter_card":"summary_large_image","schema":{"@context":"https:\/\/schema.org","@graph":[{"@type":"WebPage","@id":"https:\/\/sociometer.biz\/uchasnykam-opytuvan\/","url":"https:\/\/sociometer.biz\/uchasnykam-opytuvan\/","name":"DO BADANIA UCZESTNIK\u00d3W - Sociometer","isPartOf":{"@id":"https:\/\/sociometer.biz\/#website"},"datePublished":"2023-07-04T15:37:19+00:00","dateModified":"2023-07-23T09:16:05+00:00","breadcrumb":{"@id":"https:\/\/sociometer.biz\/uchasnykam-opytuvan\/#breadcrumb"},"inLanguage":"pl-PL","potentialAction":[{"@type":"ReadAction","target":["https:\/\/sociometer.biz\/uchasnykam-opytuvan\/"]}]},{"@type":"BreadcrumbList","@id":"https:\/\/sociometer.biz\/uchasnykam-opytuvan\/#breadcrumb","itemListElement":[{"@type":"ListItem","position":1,"name":"\u0413\u043e\u043b\u043e\u0432\u043d\u0430","item":"https:\/\/sociometer.biz\/pl\/"},{"@type":"ListItem","position":2,"name":"DO BADANIA UCZESTNIK\u00d3W"}]},{"@type":"WebSite","@id":"https:\/\/sociometer.biz\/#website","url":"https:\/\/sociometer.biz\/","name":"Sociometer","description":"","potentialAction":[{"@type":"SearchAction","target":{"@type":"EntryPoint","urlTemplate":"https:\/\/sociometer.biz\/?s={search_term_string}"},"query-input":"required name=search_term_string"}],"inLanguage":"pl-PL"}]}},"_links":{"self":[{"href":"https:\/\/sociometer.biz\/pl\/wp-json\/wp\/v2\/pages\/1396","targetHints":{"allow":["GET"]}}],"collection":[{"href":"https:\/\/sociometer.biz\/pl\/wp-json\/wp\/v2\/pages"}],"about":[{"href":"https:\/\/sociometer.biz\/pl\/wp-json\/wp\/v2\/types\/page"}],"author":[{"embeddable":true,"href":"https:\/\/sociometer.biz\/pl\/wp-json\/wp\/v2\/users\/1"}],"replies":[{"embeddable":true,"href":"https:\/\/sociometer.biz\/pl\/wp-json\/wp\/v2\/comments?post=1396"}],"version-history":[{"count":1,"href":"https:\/\/sociometer.biz\/pl\/wp-json\/wp\/v2\/pages\/1396\/revisions"}],"predecessor-version":[{"id":1397,"href":"https:\/\/sociometer.biz\/pl\/wp-json\/wp\/v2\/pages\/1396\/revisions\/1397"}],"wp:attachment":[{"href":"https:\/\/sociometer.biz\/pl\/wp-json\/wp\/v2\/media?parent=1396"}],"curies":[{"name":"wp","href":"https:\/\/api.w.org\/{rel}","templated":true}]}}