{"id":1280,"date":"2023-07-04T18:36:59","date_gmt":"2023-07-04T15:36:59","guid":{"rendered":"https:\/\/sociometer.biz\/uczestnicy-grupy-focus\/"},"modified":"2023-07-19T10:00:14","modified_gmt":"2023-07-19T07:00:14","slug":"uczestnicy-grupy-focus","status":"publish","type":"page","link":"https:\/\/sociometer.biz\/pl\/uczestnicy-grupy-focus\/","title":{"rendered":"UCZESTNICY GRUPY FOCUS"},"content":{"rendered":"<p><img loading=\"lazy\" decoding=\"async\" class=\" wp-image-1246 alignleft\" src=\"https:\/\/sociometer.biz\/wp-content\/uploads\/2023\/07\/poster-300x214.jpg\" alt=\"\" width=\"291\" height=\"208\" srcset=\"https:\/\/sociometer.biz\/wp-content\/uploads\/2023\/07\/poster-300x214.jpg 300w, https:\/\/sociometer.biz\/wp-content\/uploads\/2023\/07\/poster-1024x730.jpg 1024w, https:\/\/sociometer.biz\/wp-content\/uploads\/2023\/07\/poster-768x548.jpg 768w, https:\/\/sociometer.biz\/wp-content\/uploads\/2023\/07\/poster-1536x1096.jpg 1536w, https:\/\/sociometer.biz\/wp-content\/uploads\/2023\/07\/poster-2048x1461.jpg 2048w\" sizes=\"auto, (max-width: 291px) 100vw, 291px\" \/>Wykorzystaj w\u0142asne do\u015bwiadczenie, je\u015bli Ci\u0119 to interesuje, aby pom\u00f3c tym, kt\u00f3rzy musz\u0105 pozna\u0107 Twoje nastroje, aby ulepszy\u0107 firm\u0119 biznesow\u0105, spo\u0142eczn\u0105 lub polityczn\u0105. We\u017a udzia\u0142 w rozmowach kwalifikacyjnych w miejscach, w kt\u00f3rych czujesz si\u0119 komfortowo, przynajmniej na pla\u017cy. A co najwa\u017cniejsze, zarabiaj na tym, otrzymuj dodatkowe rabaty i bonusy.<\/p>\n","protected":false},"excerpt":{"rendered":"<p>Wykorzystaj w\u0142asne do\u015bwiadczenie, je\u015bli Ci\u0119 to interesuje, aby pom\u00f3c tym, kt\u00f3rzy musz\u0105 pozna\u0107 Twoje nastroje, aby ulepszy\u0107 firm\u0119 biznesow\u0105, spo\u0142eczn\u0105 lub polityczn\u0105. We\u017a udzia\u0142 w rozmowach kwalifikacyjnych w miejscach, w&#8230;<\/p>\n","protected":false},"author":1,"featured_media":0,"parent":0,"menu_order":0,"comment_status":"closed","ping_status":"closed","template":"","meta":{"footnotes":""},"class_list":["post-1280","page","type-page","status-publish","hentry"],"acf":[],"yoast_head":"<!-- This site is optimized with the Yoast SEO plugin v20.12 - https:\/\/yoast.com\/wordpress\/plugins\/seo\/ -->\n<title>UCZESTNICY GRUPY FOCUS - Sociometer<\/title>\n<meta name=\"robots\" content=\"index, follow, max-snippet:-1, max-image-preview:large, max-video-preview:-1\" \/>\n<link rel=\"canonical\" href=\"https:\/\/sociometer.biz\/uchasnykam-fokus-grup\/\" \/>\n<meta property=\"og:locale\" content=\"pl_PL\" \/>\n<meta property=\"og:type\" content=\"article\" \/>\n<meta property=\"og:title\" content=\"UCZESTNICY GRUPY FOCUS - Sociometer\" \/>\n<meta property=\"og:description\" content=\"Wykorzystaj w\u0142asne do\u015bwiadczenie, je\u015bli Ci\u0119 to interesuje, aby pom\u00f3c tym, kt\u00f3rzy musz\u0105 pozna\u0107 Twoje nastroje, aby ulepszy\u0107 firm\u0119 biznesow\u0105, spo\u0142eczn\u0105 lub polityczn\u0105. We\u017a udzia\u0142 w rozmowach kwalifikacyjnych w miejscach, w...\" \/>\n<meta property=\"og:url\" content=\"https:\/\/sociometer.biz\/uchasnykam-fokus-grup\/\" \/>\n<meta property=\"og:site_name\" content=\"Sociometer\" \/>\n<meta property=\"article:modified_time\" content=\"2023-07-19T07:00:14+00:00\" \/>\n<meta property=\"og:image\" content=\"https:\/\/sociometer.biz\/wp-content\/uploads\/2023\/07\/poster-300x214.jpg\" \/>\n<meta name=\"twitter:card\" content=\"summary_large_image\" \/>\n<script type=\"application\/ld+json\" class=\"yoast-schema-graph\">{\"@context\":\"https:\/\/schema.org\",\"@graph\":[{\"@type\":\"WebPage\",\"@id\":\"https:\/\/sociometer.biz\/uchasnykam-fokus-grup\/\",\"url\":\"https:\/\/sociometer.biz\/uchasnykam-fokus-grup\/\",\"name\":\"UCZESTNICY GRUPY FOCUS - Sociometer\",\"isPartOf\":{\"@id\":\"https:\/\/sociometer.biz\/#website\"},\"datePublished\":\"2023-07-04T15:36:59+00:00\",\"dateModified\":\"2023-07-19T07:00:14+00:00\",\"breadcrumb\":{\"@id\":\"https:\/\/sociometer.biz\/uchasnykam-fokus-grup\/#breadcrumb\"},\"inLanguage\":\"pl-PL\",\"potentialAction\":[{\"@type\":\"ReadAction\",\"target\":[\"https:\/\/sociometer.biz\/uchasnykam-fokus-grup\/\"]}]},{\"@type\":\"BreadcrumbList\",\"@id\":\"https:\/\/sociometer.biz\/uchasnykam-fokus-grup\/#breadcrumb\",\"itemListElement\":[{\"@type\":\"ListItem\",\"position\":1,\"name\":\"\u0413\u043e\u043b\u043e\u0432\u043d\u0430\",\"item\":\"https:\/\/sociometer.biz\/pl\/\"},{\"@type\":\"ListItem\",\"position\":2,\"name\":\"UCZESTNICY GRUPY FOCUS\"}]},{\"@type\":\"WebSite\",\"@id\":\"https:\/\/sociometer.biz\/#website\",\"url\":\"https:\/\/sociometer.biz\/\",\"name\":\"Sociometer\",\"description\":\"\",\"potentialAction\":[{\"@type\":\"SearchAction\",\"target\":{\"@type\":\"EntryPoint\",\"urlTemplate\":\"https:\/\/sociometer.biz\/?s={search_term_string}\"},\"query-input\":\"required name=search_term_string\"}],\"inLanguage\":\"pl-PL\"}]}<\/script>\n<!-- \/ Yoast SEO plugin. -->","yoast_head_json":{"title":"UCZESTNICY GRUPY FOCUS - Sociometer","robots":{"index":"index","follow":"follow","max-snippet":"max-snippet:-1","max-image-preview":"max-image-preview:large","max-video-preview":"max-video-preview:-1"},"canonical":"https:\/\/sociometer.biz\/uchasnykam-fokus-grup\/","og_locale":"pl_PL","og_type":"article","og_title":"UCZESTNICY GRUPY FOCUS - Sociometer","og_description":"Wykorzystaj w\u0142asne do\u015bwiadczenie, je\u015bli Ci\u0119 to interesuje, aby pom\u00f3c tym, kt\u00f3rzy musz\u0105 pozna\u0107 Twoje nastroje, aby ulepszy\u0107 firm\u0119 biznesow\u0105, spo\u0142eczn\u0105 lub polityczn\u0105. We\u017a udzia\u0142 w rozmowach kwalifikacyjnych w miejscach, w...","og_url":"https:\/\/sociometer.biz\/uchasnykam-fokus-grup\/","og_site_name":"Sociometer","article_modified_time":"2023-07-19T07:00:14+00:00","og_image":[{"url":"https:\/\/sociometer.biz\/wp-content\/uploads\/2023\/07\/poster-300x214.jpg"}],"twitter_card":"summary_large_image","schema":{"@context":"https:\/\/schema.org","@graph":[{"@type":"WebPage","@id":"https:\/\/sociometer.biz\/uchasnykam-fokus-grup\/","url":"https:\/\/sociometer.biz\/uchasnykam-fokus-grup\/","name":"UCZESTNICY GRUPY FOCUS - Sociometer","isPartOf":{"@id":"https:\/\/sociometer.biz\/#website"},"datePublished":"2023-07-04T15:36:59+00:00","dateModified":"2023-07-19T07:00:14+00:00","breadcrumb":{"@id":"https:\/\/sociometer.biz\/uchasnykam-fokus-grup\/#breadcrumb"},"inLanguage":"pl-PL","potentialAction":[{"@type":"ReadAction","target":["https:\/\/sociometer.biz\/uchasnykam-fokus-grup\/"]}]},{"@type":"BreadcrumbList","@id":"https:\/\/sociometer.biz\/uchasnykam-fokus-grup\/#breadcrumb","itemListElement":[{"@type":"ListItem","position":1,"name":"\u0413\u043e\u043b\u043e\u0432\u043d\u0430","item":"https:\/\/sociometer.biz\/pl\/"},{"@type":"ListItem","position":2,"name":"UCZESTNICY GRUPY FOCUS"}]},{"@type":"WebSite","@id":"https:\/\/sociometer.biz\/#website","url":"https:\/\/sociometer.biz\/","name":"Sociometer","description":"","potentialAction":[{"@type":"SearchAction","target":{"@type":"EntryPoint","urlTemplate":"https:\/\/sociometer.biz\/?s={search_term_string}"},"query-input":"required name=search_term_string"}],"inLanguage":"pl-PL"}]}},"_links":{"self":[{"href":"https:\/\/sociometer.biz\/pl\/wp-json\/wp\/v2\/pages\/1280","targetHints":{"allow":["GET"]}}],"collection":[{"href":"https:\/\/sociometer.biz\/pl\/wp-json\/wp\/v2\/pages"}],"about":[{"href":"https:\/\/sociometer.biz\/pl\/wp-json\/wp\/v2\/types\/page"}],"author":[{"embeddable":true,"href":"https:\/\/sociometer.biz\/pl\/wp-json\/wp\/v2\/users\/1"}],"replies":[{"embeddable":true,"href":"https:\/\/sociometer.biz\/pl\/wp-json\/wp\/v2\/comments?post=1280"}],"version-history":[{"count":1,"href":"https:\/\/sociometer.biz\/pl\/wp-json\/wp\/v2\/pages\/1280\/revisions"}],"predecessor-version":[{"id":1281,"href":"https:\/\/sociometer.biz\/pl\/wp-json\/wp\/v2\/pages\/1280\/revisions\/1281"}],"wp:attachment":[{"href":"https:\/\/sociometer.biz\/pl\/wp-json\/wp\/v2\/media?parent=1280"}],"curies":[{"name":"wp","href":"https:\/\/api.w.org\/{rel}","templated":true}]}}