{"id":1258,"date":"2023-07-04T18:37:41","date_gmt":"2023-07-04T15:37:41","guid":{"rendered":"https:\/\/sociometer.biz\/socziologam\/"},"modified":"2023-07-19T09:47:22","modified_gmt":"2023-07-19T06:47:22","slug":"socziologam","status":"publish","type":"page","link":"https:\/\/sociometer.biz\/pl\/socziologam\/","title":{"rendered":"SOCJOLOGI"},"content":{"rendered":"<p>&nbsp;<\/p>\n<p>Zapraszamy do pierwszego ukrai\u0144skiego serwisu internetowego dla socjolog\u00f3w. Jeste\u015b bardzo mile widzianym go\u015bciem na naszej stronie internetowej.<\/p>\n<p>&nbsp;<\/p>\n<p>SocioMeter.biz to serwis dla respondent\u00f3w, kt\u00f3rzy za pieni\u0105dze bior\u0105 udzia\u0142 w ankietach, g\u0142osuj\u0105 w konkursach, ogl\u0105daj\u0105 reklamy. Jest tak\u017ce narz\u0119dziem badawczym socjolog\u00f3w pracuj\u0105cych z respondentami.<\/p>\n<p>&nbsp;<\/p>\n<p>Interesuj\u0105 nas u\u017cytkownicy o wysokim poziomie zawodowym. Twoje zalecenia dotycz\u0105ce dzia\u0142ania us\u0142ugi zostan\u0105 przetworzone tak szybko, jak to mo\u017cliwe i sprawi\u0105, \u017ce us\u0142uga b\u0119dzie wygodniejsza. Us\u0142uga przyczyni si\u0119 do rozwoju bada\u0144.<\/p>\n<p>&nbsp;<\/p>\n<p>Niekt\u00f3re przydatne mo\u017cliwo\u015bci, kt\u00f3re SocioMeter.biz otwiera przed socjologami:<\/p>\n<p>1. Ustawianie widowni i przeprowadzanie bada\u0144 socjologicznych.<br \/>\n2. Wykorzystanie tre\u015bci tekstowych, wizualnych i wideo w pracy z publiczno\u015bci\u0105.<br \/>\n3. Raporty z wynikami i automatyczna analiza odpowiedzi respondent\u00f3w.<br \/>\n4. Przyspieszenie i obni\u017cenie cen ankiet.<br \/>\n5. Dodatkowy ruch za pomoc\u0105 link\u00f3w osadzonych w ankietach.<br \/>\n6. Segmentacja grup uczestnik\u00f3w za pomoc\u0105 filtr\u00f3w kombinowanych.<\/p>\n<p>&nbsp;<\/p>\n<p>Istniej\u0105 dwa sposoby dialogu z respondentami: darmowy \u2013 za pomoc\u0105 linku do ankiety utworzonej w serwisie oraz p\u0142atny, w kt\u00f3rym socjolog pracuje z zarejestrowanymi u\u017cytkownikami w SocioMeter.biz.<\/p>\n<p>&nbsp;<\/p>\n<p>Stosuj filtry kombinowane w wynikach ankiety respondent\u00f3w.<\/p>\n","protected":false},"excerpt":{"rendered":"<p>&nbsp; Zapraszamy do pierwszego ukrai\u0144skiego serwisu internetowego dla socjolog\u00f3w. Jeste\u015b bardzo mile widzianym go\u015bciem na naszej stronie internetowej. &nbsp; SocioMeter.biz to serwis dla respondent\u00f3w, kt\u00f3rzy za pieni\u0105dze bior\u0105 udzia\u0142 w&#8230;<\/p>\n","protected":false},"author":1,"featured_media":0,"parent":0,"menu_order":0,"comment_status":"closed","ping_status":"closed","template":"","meta":{"footnotes":""},"class_list":["post-1258","page","type-page","status-publish","hentry"],"acf":[],"yoast_head":"<!-- This site is optimized with the Yoast SEO plugin v20.12 - https:\/\/yoast.com\/wordpress\/plugins\/seo\/ -->\n<title>SOCJOLOGI - Sociometer<\/title>\n<meta name=\"robots\" content=\"index, follow, max-snippet:-1, max-image-preview:large, max-video-preview:-1\" \/>\n<link rel=\"canonical\" href=\"https:\/\/sociometer.biz\/socziologam\/\" \/>\n<meta property=\"og:locale\" content=\"pl_PL\" \/>\n<meta property=\"og:type\" content=\"article\" \/>\n<meta property=\"og:title\" content=\"SOCJOLOGI - Sociometer\" \/>\n<meta property=\"og:description\" content=\"&nbsp; Zapraszamy do pierwszego ukrai\u0144skiego serwisu internetowego dla socjolog\u00f3w. Jeste\u015b bardzo mile widzianym go\u015bciem na naszej stronie internetowej. &nbsp; SocioMeter.biz to serwis dla respondent\u00f3w, kt\u00f3rzy za pieni\u0105dze bior\u0105 udzia\u0142 w...\" \/>\n<meta property=\"og:url\" content=\"https:\/\/sociometer.biz\/socziologam\/\" \/>\n<meta property=\"og:site_name\" content=\"Sociometer\" \/>\n<meta property=\"article:modified_time\" content=\"2023-07-19T06:47:22+00:00\" \/>\n<meta name=\"twitter:card\" content=\"summary_large_image\" \/>\n<meta name=\"twitter:label1\" content=\"Szacowany czas czytania\" \/>\n\t<meta name=\"twitter:data1\" content=\"1 minuta\" \/>\n<script type=\"application\/ld+json\" class=\"yoast-schema-graph\">{\"@context\":\"https:\/\/schema.org\",\"@graph\":[{\"@type\":\"WebPage\",\"@id\":\"https:\/\/sociometer.biz\/socziologam\/\",\"url\":\"https:\/\/sociometer.biz\/socziologam\/\",\"name\":\"SOCJOLOGI - Sociometer\",\"isPartOf\":{\"@id\":\"https:\/\/sociometer.biz\/#website\"},\"datePublished\":\"2023-07-04T15:37:41+00:00\",\"dateModified\":\"2023-07-19T06:47:22+00:00\",\"breadcrumb\":{\"@id\":\"https:\/\/sociometer.biz\/socziologam\/#breadcrumb\"},\"inLanguage\":\"pl-PL\",\"potentialAction\":[{\"@type\":\"ReadAction\",\"target\":[\"https:\/\/sociometer.biz\/socziologam\/\"]}]},{\"@type\":\"BreadcrumbList\",\"@id\":\"https:\/\/sociometer.biz\/socziologam\/#breadcrumb\",\"itemListElement\":[{\"@type\":\"ListItem\",\"position\":1,\"name\":\"\u0413\u043e\u043b\u043e\u0432\u043d\u0430\",\"item\":\"https:\/\/sociometer.biz\/pl\/\"},{\"@type\":\"ListItem\",\"position\":2,\"name\":\"SOCJOLOGI\"}]},{\"@type\":\"WebSite\",\"@id\":\"https:\/\/sociometer.biz\/#website\",\"url\":\"https:\/\/sociometer.biz\/\",\"name\":\"Sociometer\",\"description\":\"\",\"potentialAction\":[{\"@type\":\"SearchAction\",\"target\":{\"@type\":\"EntryPoint\",\"urlTemplate\":\"https:\/\/sociometer.biz\/?s={search_term_string}\"},\"query-input\":\"required name=search_term_string\"}],\"inLanguage\":\"pl-PL\"}]}<\/script>\n<!-- \/ Yoast SEO plugin. -->","yoast_head_json":{"title":"SOCJOLOGI - Sociometer","robots":{"index":"index","follow":"follow","max-snippet":"max-snippet:-1","max-image-preview":"max-image-preview:large","max-video-preview":"max-video-preview:-1"},"canonical":"https:\/\/sociometer.biz\/socziologam\/","og_locale":"pl_PL","og_type":"article","og_title":"SOCJOLOGI - Sociometer","og_description":"&nbsp; Zapraszamy do pierwszego ukrai\u0144skiego serwisu internetowego dla socjolog\u00f3w. Jeste\u015b bardzo mile widzianym go\u015bciem na naszej stronie internetowej. &nbsp; SocioMeter.biz to serwis dla respondent\u00f3w, kt\u00f3rzy za pieni\u0105dze bior\u0105 udzia\u0142 w...","og_url":"https:\/\/sociometer.biz\/socziologam\/","og_site_name":"Sociometer","article_modified_time":"2023-07-19T06:47:22+00:00","twitter_card":"summary_large_image","twitter_misc":{"Szacowany czas czytania":"1 minuta"},"schema":{"@context":"https:\/\/schema.org","@graph":[{"@type":"WebPage","@id":"https:\/\/sociometer.biz\/socziologam\/","url":"https:\/\/sociometer.biz\/socziologam\/","name":"SOCJOLOGI - Sociometer","isPartOf":{"@id":"https:\/\/sociometer.biz\/#website"},"datePublished":"2023-07-04T15:37:41+00:00","dateModified":"2023-07-19T06:47:22+00:00","breadcrumb":{"@id":"https:\/\/sociometer.biz\/socziologam\/#breadcrumb"},"inLanguage":"pl-PL","potentialAction":[{"@type":"ReadAction","target":["https:\/\/sociometer.biz\/socziologam\/"]}]},{"@type":"BreadcrumbList","@id":"https:\/\/sociometer.biz\/socziologam\/#breadcrumb","itemListElement":[{"@type":"ListItem","position":1,"name":"\u0413\u043e\u043b\u043e\u0432\u043d\u0430","item":"https:\/\/sociometer.biz\/pl\/"},{"@type":"ListItem","position":2,"name":"SOCJOLOGI"}]},{"@type":"WebSite","@id":"https:\/\/sociometer.biz\/#website","url":"https:\/\/sociometer.biz\/","name":"Sociometer","description":"","potentialAction":[{"@type":"SearchAction","target":{"@type":"EntryPoint","urlTemplate":"https:\/\/sociometer.biz\/?s={search_term_string}"},"query-input":"required name=search_term_string"}],"inLanguage":"pl-PL"}]}},"_links":{"self":[{"href":"https:\/\/sociometer.biz\/pl\/wp-json\/wp\/v2\/pages\/1258","targetHints":{"allow":["GET"]}}],"collection":[{"href":"https:\/\/sociometer.biz\/pl\/wp-json\/wp\/v2\/pages"}],"about":[{"href":"https:\/\/sociometer.biz\/pl\/wp-json\/wp\/v2\/types\/page"}],"author":[{"embeddable":true,"href":"https:\/\/sociometer.biz\/pl\/wp-json\/wp\/v2\/users\/1"}],"replies":[{"embeddable":true,"href":"https:\/\/sociometer.biz\/pl\/wp-json\/wp\/v2\/comments?post=1258"}],"version-history":[{"count":3,"href":"https:\/\/sociometer.biz\/pl\/wp-json\/wp\/v2\/pages\/1258\/revisions"}],"predecessor-version":[{"id":1277,"href":"https:\/\/sociometer.biz\/pl\/wp-json\/wp\/v2\/pages\/1258\/revisions\/1277"}],"wp:attachment":[{"href":"https:\/\/sociometer.biz\/pl\/wp-json\/wp\/v2\/media?parent=1258"}],"curies":[{"name":"wp","href":"https:\/\/api.w.org\/{rel}","templated":true}]}}