{"id":1132,"date":"2023-07-01T09:47:48","date_gmt":"2023-07-01T06:47:48","guid":{"rendered":"https:\/\/sociometer.biz\/lacznosc\/"},"modified":"2023-07-17T15:55:34","modified_gmt":"2023-07-17T12:55:34","slug":"lacznosc","status":"publish","type":"page","link":"https:\/\/sociometer.biz\/pl\/lacznosc\/","title":{"rendered":"\u0141\u0105czno\u015b\u0107"},"content":{"rendered":"<p><img loading=\"lazy\" decoding=\"async\" class=\"alignnone size-full wp-image-1237\" src=\"https:\/\/sociometer.biz\/wp-content\/uploads\/2023\/07\/mail.png\" alt=\"\" width=\"147\" height=\"32\" \/><\/p>\n","protected":false},"excerpt":{"rendered":"","protected":false},"author":1,"featured_media":0,"parent":0,"menu_order":0,"comment_status":"closed","ping_status":"closed","template":"","meta":{"footnotes":""},"class_list":["post-1132","page","type-page","status-publish","hentry"],"acf":[],"yoast_head":"<!-- This site is optimized with the Yoast SEO plugin v20.12 - https:\/\/yoast.com\/wordpress\/plugins\/seo\/ -->\n<title>\u0141\u0105czno\u015b\u0107 - Sociometer<\/title>\n<meta name=\"robots\" content=\"index, follow, max-snippet:-1, max-image-preview:large, max-video-preview:-1\" \/>\n<link rel=\"canonical\" href=\"https:\/\/sociometer.biz\/contact\/\" \/>\n<meta property=\"og:locale\" content=\"pl_PL\" \/>\n<meta property=\"og:type\" content=\"article\" \/>\n<meta property=\"og:title\" content=\"\u0141\u0105czno\u015b\u0107 - Sociometer\" \/>\n<meta property=\"og:url\" content=\"https:\/\/sociometer.biz\/contact\/\" \/>\n<meta property=\"og:site_name\" content=\"Sociometer\" \/>\n<meta property=\"article:modified_time\" content=\"2023-07-17T12:55:34+00:00\" \/>\n<meta property=\"og:image\" content=\"https:\/\/sociometer.biz\/wp-content\/uploads\/2023\/07\/mail.png\" \/>\n<meta name=\"twitter:card\" content=\"summary_large_image\" \/>\n<script type=\"application\/ld+json\" class=\"yoast-schema-graph\">{\"@context\":\"https:\/\/schema.org\",\"@graph\":[{\"@type\":\"WebPage\",\"@id\":\"https:\/\/sociometer.biz\/contact\/\",\"url\":\"https:\/\/sociometer.biz\/contact\/\",\"name\":\"\u0141\u0105czno\u015b\u0107 - Sociometer\",\"isPartOf\":{\"@id\":\"https:\/\/sociometer.biz\/#website\"},\"datePublished\":\"2023-07-01T06:47:48+00:00\",\"dateModified\":\"2023-07-17T12:55:34+00:00\",\"breadcrumb\":{\"@id\":\"https:\/\/sociometer.biz\/contact\/#breadcrumb\"},\"inLanguage\":\"pl-PL\",\"potentialAction\":[{\"@type\":\"ReadAction\",\"target\":[\"https:\/\/sociometer.biz\/contact\/\"]}]},{\"@type\":\"BreadcrumbList\",\"@id\":\"https:\/\/sociometer.biz\/contact\/#breadcrumb\",\"itemListElement\":[{\"@type\":\"ListItem\",\"position\":1,\"name\":\"\u0413\u043e\u043b\u043e\u0432\u043d\u0430\",\"item\":\"https:\/\/sociometer.biz\/pl\/\"},{\"@type\":\"ListItem\",\"position\":2,\"name\":\"\u0141\u0105czno\u015b\u0107\"}]},{\"@type\":\"WebSite\",\"@id\":\"https:\/\/sociometer.biz\/#website\",\"url\":\"https:\/\/sociometer.biz\/\",\"name\":\"Sociometer\",\"description\":\"\",\"potentialAction\":[{\"@type\":\"SearchAction\",\"target\":{\"@type\":\"EntryPoint\",\"urlTemplate\":\"https:\/\/sociometer.biz\/?s={search_term_string}\"},\"query-input\":\"required name=search_term_string\"}],\"inLanguage\":\"pl-PL\"}]}<\/script>\n<!-- \/ Yoast SEO plugin. -->","yoast_head_json":{"title":"\u0141\u0105czno\u015b\u0107 - Sociometer","robots":{"index":"index","follow":"follow","max-snippet":"max-snippet:-1","max-image-preview":"max-image-preview:large","max-video-preview":"max-video-preview:-1"},"canonical":"https:\/\/sociometer.biz\/contact\/","og_locale":"pl_PL","og_type":"article","og_title":"\u0141\u0105czno\u015b\u0107 - Sociometer","og_url":"https:\/\/sociometer.biz\/contact\/","og_site_name":"Sociometer","article_modified_time":"2023-07-17T12:55:34+00:00","og_image":[{"url":"https:\/\/sociometer.biz\/wp-content\/uploads\/2023\/07\/mail.png"}],"twitter_card":"summary_large_image","schema":{"@context":"https:\/\/schema.org","@graph":[{"@type":"WebPage","@id":"https:\/\/sociometer.biz\/contact\/","url":"https:\/\/sociometer.biz\/contact\/","name":"\u0141\u0105czno\u015b\u0107 - Sociometer","isPartOf":{"@id":"https:\/\/sociometer.biz\/#website"},"datePublished":"2023-07-01T06:47:48+00:00","dateModified":"2023-07-17T12:55:34+00:00","breadcrumb":{"@id":"https:\/\/sociometer.biz\/contact\/#breadcrumb"},"inLanguage":"pl-PL","potentialAction":[{"@type":"ReadAction","target":["https:\/\/sociometer.biz\/contact\/"]}]},{"@type":"BreadcrumbList","@id":"https:\/\/sociometer.biz\/contact\/#breadcrumb","itemListElement":[{"@type":"ListItem","position":1,"name":"\u0413\u043e\u043b\u043e\u0432\u043d\u0430","item":"https:\/\/sociometer.biz\/pl\/"},{"@type":"ListItem","position":2,"name":"\u0141\u0105czno\u015b\u0107"}]},{"@type":"WebSite","@id":"https:\/\/sociometer.biz\/#website","url":"https:\/\/sociometer.biz\/","name":"Sociometer","description":"","potentialAction":[{"@type":"SearchAction","target":{"@type":"EntryPoint","urlTemplate":"https:\/\/sociometer.biz\/?s={search_term_string}"},"query-input":"required name=search_term_string"}],"inLanguage":"pl-PL"}]}},"_links":{"self":[{"href":"https:\/\/sociometer.biz\/pl\/wp-json\/wp\/v2\/pages\/1132","targetHints":{"allow":["GET"]}}],"collection":[{"href":"https:\/\/sociometer.biz\/pl\/wp-json\/wp\/v2\/pages"}],"about":[{"href":"https:\/\/sociometer.biz\/pl\/wp-json\/wp\/v2\/types\/page"}],"author":[{"embeddable":true,"href":"https:\/\/sociometer.biz\/pl\/wp-json\/wp\/v2\/users\/1"}],"replies":[{"embeddable":true,"href":"https:\/\/sociometer.biz\/pl\/wp-json\/wp\/v2\/comments?post=1132"}],"version-history":[{"count":5,"href":"https:\/\/sociometer.biz\/pl\/wp-json\/wp\/v2\/pages\/1132\/revisions"}],"predecessor-version":[{"id":1244,"href":"https:\/\/sociometer.biz\/pl\/wp-json\/wp\/v2\/pages\/1132\/revisions\/1244"}],"wp:attachment":[{"href":"https:\/\/sociometer.biz\/pl\/wp-json\/wp\/v2\/media?parent=1132"}],"curies":[{"name":"wp","href":"https:\/\/api.w.org\/{rel}","templated":true}]}}