{"id":1443,"date":"2023-07-23T00:10:15","date_gmt":"2023-07-22T21:10:15","guid":{"rendered":"https:\/\/sociometer.biz\/publikumsanpassung\/"},"modified":"2023-08-14T22:51:56","modified_gmt":"2023-08-14T19:51:56","slug":"publikumsanpassung","status":"publish","type":"page","link":"https:\/\/sociometer.biz\/de\/publikumsanpassung\/","title":{"rendered":"Richten Sie die richtige Zielgruppe ein"},"content":{"rendered":"<p><img decoding=\"async\" src=\"https:\/\/sociometer.biz\/wp-content\/uploads\/2023\/07\/log_sm-300x175.png\" \/><\/p>\n<p>&nbsp;<\/p>\n<h3>Durch die Auswahl der richtigen Zielgruppe k\u00f6nnen Sie bei Umfragen und Werbung bessere Ergebnisse erzielen.<\/h3>\n<p>In <a href=\"https:\/\/sociometer.biz\/de\/\">Sociometer<\/a> ist es m\u00f6glich, Benutzer nach verschiedenen Auswahlparametern f\u00fcr die Kommunikation auszuw\u00e4hlen. Das Einrichten der Zielgruppe der Website-Benutzer ist ein wichtiger Teil des Prozesses der Verarbeitung und Beschaffung wertvoller Informationen. Die richtige Zielgruppe f\u00fcr die Bereitstellung von Anzeigen und Umfragen bestimmt die Qualit\u00e4t der Ergebnisse. Durch die richtigen Zielgruppeneinstellungen erhalten Sie genauere und relevantere Antworten auf Fragen.<\/p>\n<p>&nbsp;<\/p>\n<h3>Definition von Zielgruppen.<\/h3>\n<p>Einer der ersten Schritte beim Aufbau einer Zielgruppe auf einer Umfrageseite besteht darin, eine Zielgruppe zu definieren, die bestimmte Kriterien erf\u00fcllt und sich f\u00fcr bestimmte Themen oder Produkte interessiert. Wenn Sie beispielsweise eine Umfrage unter Mobiltelefonnutzern durchf\u00fchren m\u00f6chten, besteht die Zielgruppe aus Personen, die bereits mobile Ger\u00e4te nutzen oder an deren Kauf interessiert sind.<\/p>\n<p>Wenn die Zielgruppe definiert ist, m\u00fcssen ihre Vertreter unter Ber\u00fccksichtigung von Alter, Geschlecht, Bildungsniveau und anderen Parametern der am besten geeigneten Benutzer ausgew\u00e4hlt werden, indem die Zielgruppeneinstellungen unter Befragten verwendet werden, die Soziometer-Benutzer sind.<\/p>\n<p>&nbsp;<\/p>\n<h3>Verbessern Sie die Umfrageergebnisse: F\u00fcgen Sie kostenlose Tools hinzu<\/h3>\n<p>Wir w\u00e4hlen aus einer bereits vorhandenen Benutzerdatenbank aus, bezahlen die Kommunikation mit ihnen und laden Inhalte, Werbung und Fragen hoch. Wenn Sie \u00fcber eine Datenbank mit Befragten verf\u00fcgen, k\u00f6nnen Sie kostenlose Tools verwenden, um einen Umfragelink zu senden. Dadurch k\u00f6nnen Sie Menschen ansprechen, die bereits mit Ihren Dienstleistungen oder Produkten vertraut sind. Kombinierte Filter in Umfrageergebnissen helfen mithilfe kostenloser Tools auch dabei, statistische Ergebnisse f\u00fcr jede Frage oder Gruppe zu verteilen. Allerdings kann es sich bei den Fragen um das Alter oder andere Parameter der Befragten handeln.<\/p>\n<p>&nbsp;<\/p>\n<h3>Nutzen Sie soziale Netzwerke.<\/h3>\n<p>Eine weitere M\u00f6glichkeit, ein Publikum anzulocken, ist die Nutzung sozialer Netzwerke. Sie k\u00f6nnen Social-Media-Beitr\u00e4ge erstellen, die einen Link zu einer Umfrage enthalten, und Ihre Abonnenten oder Themengruppenmitglieder bitten, daran teilzunehmen oder auf einen Beitrag zu antworten. Dadurch k\u00f6nnen Sie Personen ansprechen, die nicht in Ihrer Datenbank enthalten sind, sich aber f\u00fcr Ihr Thema interessieren.<\/p>\n<p>&nbsp;<\/p>\n<p><strong>Bewerben Sie Umfragen.<\/strong><\/p>\n<p>Sie k\u00f6nnen auch kontextbezogene Werbung nutzen, um Ihr Publikum auf Ihre Umfrageseite zu leiten. Sie k\u00f6nnen Anzeigen zu Ihrem Thema erstellen und diese auf beliebten Internetquellen platzieren. Wenn Nutzer \u00fcber diese Anzeigen auf die Website navigieren, sehen sie einen Link zur Umfrage und k\u00f6nnen daran teilnehmen.<\/p>\n<p>&nbsp;<\/p>\n<h3>Zielgruppenrelevanz.<\/h3>\n<p>Wichtig ist auch, auf die Qualit\u00e4t des Publikums zu achten. Je relevanter und hochwertiger das Publikum ist, desto genauer und n\u00fctzlicher werden die Umfrageergebnisse sein. Beim Einrichten Ihrer Zielgruppe ist es daher wichtig, dar\u00fcber nachzudenken, welche Kriterien und Filter Sie verwenden m\u00fcssen, um die richtige Zielgruppe anzulocken.<\/p>\n<p>Dar\u00fcber hinaus umfasst die Zielgruppenanpassung auch die Festlegung der Anzahl der Umfrageteilnehmer oder der Anzeigenauslieferung. Manche Umfragen erfordern eine gro\u00dfe Teilnehmerzahl, um objektive Ergebnisse zu erhalten. Andere Umfragen richten sich m\u00f6glicherweise an eine kleine Gruppe von Personen, um tiefergehende und detailliertere Antworten zu erhalten.<\/p>\n<p>&nbsp;<\/p>\n<h3>Privatsph\u00e4re und Anonymit\u00e4t.<\/h3>\n<p>Und schlie\u00dflich ist es bei der Zielgruppenkonfiguration wichtig, die Vertraulichkeit und Anonymit\u00e4t der Umfrageteilnehmer zu gew\u00e4hrleisten. Die Menschen sollten sich wohl und sicher f\u00fchlen, dass ihre Antworten anonym bleiben und nicht gegen sie verwendet werden.<\/p>\n<p>&nbsp;<\/p>\n<h3>Materielle Motivation.<\/h3>\n<p>Schlie\u00dflich spielt die Ausrichtung der Zielgruppe auf die <a href=\"https:\/\/sociometer.biz\/de\/\">Sociometer<\/a>-Website eine wichtige Rolle bei der Erzielung qualitativ hochwertiger Ergebnisse. Ein materiell motiviertes und richtig ausgew\u00e4hltes Publikum erm\u00f6glicht es Ihnen, relevante Antworten auf Fragen zu erhalten.<\/p>\n","protected":false},"excerpt":{"rendered":"<p>&nbsp; Durch die Auswahl der richtigen Zielgruppe k\u00f6nnen Sie bei Umfragen und Werbung bessere Ergebnisse erzielen. In Sociometer ist es m\u00f6glich, Benutzer nach verschiedenen Auswahlparametern f\u00fcr die Kommunikation auszuw\u00e4hlen. Das&#8230;<\/p>\n","protected":false},"author":1,"featured_media":1455,"parent":0,"menu_order":0,"comment_status":"closed","ping_status":"closed","template":"","meta":{"footnotes":""},"class_list":["post-1443","page","type-page","status-publish","has-post-thumbnail","hentry"],"acf":[],"yoast_head":"<!-- This site is optimized with the Yoast SEO plugin v20.12 - https:\/\/yoast.com\/wordpress\/plugins\/seo\/ -->\n<title>https:\/\/sociometer.biz\/de\/<\/title>\n<meta name=\"description\" content=\"Durch die Einrichtung und Auswahl der Zielgruppe k\u00f6nnen Sie bei Umfragen und Werbung bessere Ergebnisse erzielen. Soziometer.\" \/>\n<meta name=\"robots\" content=\"index, follow, max-snippet:-1, max-image-preview:large, max-video-preview:-1\" \/>\n<link rel=\"canonical\" href=\"https:\/\/sociometer.biz\/nalashtuvannya-audytoriyi\/\" \/>\n<meta property=\"og:locale\" content=\"de_DE\" \/>\n<meta property=\"og:type\" content=\"article\" \/>\n<meta property=\"og:title\" content=\"https:\/\/sociometer.biz\/de\/\" \/>\n<meta property=\"og:description\" content=\"Durch die Einrichtung und Auswahl der Zielgruppe k\u00f6nnen Sie bei Umfragen und Werbung bessere Ergebnisse erzielen. Soziometer.\" \/>\n<meta property=\"og:url\" content=\"https:\/\/sociometer.biz\/nalashtuvannya-audytoriyi\/\" \/>\n<meta property=\"og:site_name\" content=\"Sociometer\" \/>\n<meta property=\"article:modified_time\" content=\"2023-08-14T19:51:56+00:00\" \/>\n<meta property=\"og:image\" content=\"https:\/\/sociometer.biz\/wp-content\/uploads\/2023\/07\/log_sm-e1690448737180.png\" \/>\n\t<meta property=\"og:image:width\" content=\"600\" \/>\n\t<meta property=\"og:image:height\" content=\"349\" \/>\n\t<meta property=\"og:image:type\" content=\"image\/png\" \/>\n<meta name=\"twitter:card\" content=\"summary_large_image\" \/>\n<meta name=\"twitter:label1\" content=\"Gesch\u00e4tzte Lesezeit\" \/>\n\t<meta name=\"twitter:data1\" content=\"3\u00a0Minuten\" \/>\n<script type=\"application\/ld+json\" class=\"yoast-schema-graph\">{\"@context\":\"https:\/\/schema.org\",\"@graph\":[{\"@type\":\"WebPage\",\"@id\":\"https:\/\/sociometer.biz\/nalashtuvannya-audytoriyi\/\",\"url\":\"https:\/\/sociometer.biz\/nalashtuvannya-audytoriyi\/\",\"name\":\"https:\/\/sociometer.biz\/de\/\",\"isPartOf\":{\"@id\":\"https:\/\/sociometer.biz\/#website\"},\"datePublished\":\"2023-07-22T21:10:15+00:00\",\"dateModified\":\"2023-08-14T19:51:56+00:00\",\"description\":\"Durch die Einrichtung und Auswahl der Zielgruppe k\u00f6nnen Sie bei Umfragen und Werbung bessere Ergebnisse erzielen. Soziometer.\",\"breadcrumb\":{\"@id\":\"https:\/\/sociometer.biz\/nalashtuvannya-audytoriyi\/#breadcrumb\"},\"inLanguage\":\"de\",\"potentialAction\":[{\"@type\":\"ReadAction\",\"target\":[\"https:\/\/sociometer.biz\/nalashtuvannya-audytoriyi\/\"]}]},{\"@type\":\"BreadcrumbList\",\"@id\":\"https:\/\/sociometer.biz\/nalashtuvannya-audytoriyi\/#breadcrumb\",\"itemListElement\":[{\"@type\":\"ListItem\",\"position\":1,\"name\":\"\u0413\u043e\u043b\u043e\u0432\u043d\u0430\",\"item\":\"https:\/\/sociometer.biz\/de\/\"},{\"@type\":\"ListItem\",\"position\":2,\"name\":\"Richten Sie die richtige Zielgruppe ein\"}]},{\"@type\":\"WebSite\",\"@id\":\"https:\/\/sociometer.biz\/#website\",\"url\":\"https:\/\/sociometer.biz\/\",\"name\":\"Sociometer\",\"description\":\"\",\"potentialAction\":[{\"@type\":\"SearchAction\",\"target\":{\"@type\":\"EntryPoint\",\"urlTemplate\":\"https:\/\/sociometer.biz\/?s={search_term_string}\"},\"query-input\":\"required name=search_term_string\"}],\"inLanguage\":\"de\"}]}<\/script>\n<!-- \/ Yoast SEO plugin. -->","yoast_head_json":{"title":"https:\/\/sociometer.biz\/de\/","description":"Durch die Einrichtung und Auswahl der Zielgruppe k\u00f6nnen Sie bei Umfragen und Werbung bessere Ergebnisse erzielen. Soziometer.","robots":{"index":"index","follow":"follow","max-snippet":"max-snippet:-1","max-image-preview":"max-image-preview:large","max-video-preview":"max-video-preview:-1"},"canonical":"https:\/\/sociometer.biz\/nalashtuvannya-audytoriyi\/","og_locale":"de_DE","og_type":"article","og_title":"https:\/\/sociometer.biz\/de\/","og_description":"Durch die Einrichtung und Auswahl der Zielgruppe k\u00f6nnen Sie bei Umfragen und Werbung bessere Ergebnisse erzielen. Soziometer.","og_url":"https:\/\/sociometer.biz\/nalashtuvannya-audytoriyi\/","og_site_name":"Sociometer","article_modified_time":"2023-08-14T19:51:56+00:00","og_image":[{"width":600,"height":349,"url":"https:\/\/sociometer.biz\/wp-content\/uploads\/2023\/07\/log_sm-e1690448737180.png","type":"image\/png"}],"twitter_card":"summary_large_image","twitter_misc":{"Gesch\u00e4tzte Lesezeit":"3\u00a0Minuten"},"schema":{"@context":"https:\/\/schema.org","@graph":[{"@type":"WebPage","@id":"https:\/\/sociometer.biz\/nalashtuvannya-audytoriyi\/","url":"https:\/\/sociometer.biz\/nalashtuvannya-audytoriyi\/","name":"https:\/\/sociometer.biz\/de\/","isPartOf":{"@id":"https:\/\/sociometer.biz\/#website"},"datePublished":"2023-07-22T21:10:15+00:00","dateModified":"2023-08-14T19:51:56+00:00","description":"Durch die Einrichtung und Auswahl der Zielgruppe k\u00f6nnen Sie bei Umfragen und Werbung bessere Ergebnisse erzielen. Soziometer.","breadcrumb":{"@id":"https:\/\/sociometer.biz\/nalashtuvannya-audytoriyi\/#breadcrumb"},"inLanguage":"de","potentialAction":[{"@type":"ReadAction","target":["https:\/\/sociometer.biz\/nalashtuvannya-audytoriyi\/"]}]},{"@type":"BreadcrumbList","@id":"https:\/\/sociometer.biz\/nalashtuvannya-audytoriyi\/#breadcrumb","itemListElement":[{"@type":"ListItem","position":1,"name":"\u0413\u043e\u043b\u043e\u0432\u043d\u0430","item":"https:\/\/sociometer.biz\/de\/"},{"@type":"ListItem","position":2,"name":"Richten Sie die richtige Zielgruppe ein"}]},{"@type":"WebSite","@id":"https:\/\/sociometer.biz\/#website","url":"https:\/\/sociometer.biz\/","name":"Sociometer","description":"","potentialAction":[{"@type":"SearchAction","target":{"@type":"EntryPoint","urlTemplate":"https:\/\/sociometer.biz\/?s={search_term_string}"},"query-input":"required name=search_term_string"}],"inLanguage":"de"}]}},"_links":{"self":[{"href":"https:\/\/sociometer.biz\/de\/wp-json\/wp\/v2\/pages\/1443","targetHints":{"allow":["GET"]}}],"collection":[{"href":"https:\/\/sociometer.biz\/de\/wp-json\/wp\/v2\/pages"}],"about":[{"href":"https:\/\/sociometer.biz\/de\/wp-json\/wp\/v2\/types\/page"}],"author":[{"embeddable":true,"href":"https:\/\/sociometer.biz\/de\/wp-json\/wp\/v2\/users\/1"}],"replies":[{"embeddable":true,"href":"https:\/\/sociometer.biz\/de\/wp-json\/wp\/v2\/comments?post=1443"}],"version-history":[{"count":2,"href":"https:\/\/sociometer.biz\/de\/wp-json\/wp\/v2\/pages\/1443\/revisions"}],"predecessor-version":[{"id":1633,"href":"https:\/\/sociometer.biz\/de\/wp-json\/wp\/v2\/pages\/1443\/revisions\/1633"}],"wp:featuredmedia":[{"embeddable":true,"href":"https:\/\/sociometer.biz\/de\/wp-json\/wp\/v2\/media\/1455"}],"wp:attachment":[{"href":"https:\/\/sociometer.biz\/de\/wp-json\/wp\/v2\/media?parent=1443"}],"curies":[{"name":"wp","href":"https:\/\/api.w.org\/{rel}","templated":true}]}}