{"id":1434,"date":"2023-07-23T00:18:42","date_gmt":"2023-07-22T21:18:42","guid":{"rendered":"https:\/\/sociometer.biz\/soziologische-umfragen\/"},"modified":"2023-08-23T21:05:33","modified_gmt":"2023-08-23T18:05:33","slug":"soziologische-umfragen","status":"publish","type":"page","link":"https:\/\/sociometer.biz\/de\/soziologische-umfragen\/","title":{"rendered":"Soziologische Umfragen online."},"content":{"rendered":"<h3>Die Datenerfassung verlagert sich von Telefonanrufen und der Stra\u00dfe hin zu Online.<\/h3>\n<p>Soziologische Umfragen sind ein wichtiges Instrument zur Erhebung von Daten \u00fcber soziale Ph\u00e4nomene, Meinungen, Vorlieben und Verhaltensweisen von Menschen. Sie erm\u00f6glichen die Durchf\u00fchrung wissenschaftlicher Forschung, die Analyse gesellschaftlicher Trends sowie die Feststellung von Zusammenh\u00e4ngen und dem Einfluss verschiedener Faktoren auf die Gesellschaft und den Einzelnen.<\/p>\n<p>&nbsp;<\/p>\n<p>Zur Durchf\u00fchrung soziologischer Umfragen werden h\u00e4ufig spezialisierte Websites genutzt, die \u00fcber Software zur Erstellung von Umfragen, Datenverarbeitung und -analyse verf\u00fcgen. Solche Websites bieten praktische Tools zum Erstellen von Umfragen, zum Vorbereiten von Fragen, zum Festlegen von Antwortoptionen, zum Definieren der Umfragelogik und zum \u00dcberpr\u00fcfen der Datenqualit\u00e4t.<\/p>\n<h3>\nEinige Vorteile der Verwendung von Profilseiten f\u00fcr Umfragen.<\/h3>\n<p>Einer der Hauptvorteile der Nutzung von Umfrageseiten ist die Geschwindigkeit und einfache Datenerfassung. Die Umfrage kann auf der Website ver\u00f6ffentlicht und einem breiten Publikum jederzeit zur Verf\u00fcgung gestellt werden. Menschen k\u00f6nnen Umfragen in einem f\u00fcr sie geeigneten Format auf ihren Ger\u00e4ten ausf\u00fcllen, wo und wann es f\u00fcr sie bequem ist. Dar\u00fcber hinaus erm\u00f6glicht es Ihnen, Daten in Echtzeit zu sammeln und schnelle Ergebnisse zu erhalten.<\/p>\n<p>&nbsp;<\/p>\n<p>Umfrageseiten bieten auch Tools zur Datenverarbeitung und -analyse. Sie erm\u00f6glichen es Ihnen, Antworten zu gruppieren, zu filtern und zu analysieren sowie Grafiken und Diagramme zu erstellen, um die Ergebnisse zu visualisieren. Solche Funktionen erleichtern die Analyse und ziehen wichtige Schlussfolgerungen aus den gesammelten Daten.<\/p>\n<p>&nbsp;<\/p>\n<h3>Tools zur Datenanalyse und -verarbeitung.<\/h3>\n<p>Dar\u00fcber hinaus ist es auch wichtig, statistische Analysewerkzeuge f\u00fcr soziologische Erhebungen zu erhalten. Dies erm\u00f6glicht eine tiefergehende Datenverarbeitung, die Identifizierung statistisch signifikanter Abh\u00e4ngigkeiten, Vergleiche zwischen verschiedenen Gruppen und die Analyse von Trends.<\/p>\n<p>&nbsp;<\/p>\n<h3>Verschiedene Formen von Umfragen auf der Website.<\/h3>\n<p>Umfragen auf der Website k\u00f6nnen unterschiedliche Formen annehmen \u2013 von einfachen Umfragen mit einer Frage bis hin zu komplexen Umfragen mit vielen Fragen und verzweigter Logik. Es ist wichtig, Umfragen unter Ber\u00fccksichtigung der wissenschaftlichen Grunds\u00e4tze der Soziologie durchzuf\u00fchren, wie z. B. Zufallsauswahl, Repr\u00e4sentativit\u00e4t, Vertraulichkeit, Ethik usw.<\/p>\n<p>&nbsp;<\/p>\n<p>Websites f\u00fcr soziologische Umfragen k\u00f6nnen \u00fcber verschiedene Funktionalit\u00e4ten verf\u00fcgen, wie z. B. die automatische Erstellung statistischer Berichte, den Datenexport in verschiedene Formate (z. B. Excel, CSV), die M\u00f6glichkeit der Verkn\u00fcpfung mit der Ergebnisanalyse und die Integration mit anderen Programmen zur Datenverarbeitung.<\/p>\n<p>&nbsp;<\/p>\n<h3>Es ist wichtig zu verstehen, dass soziologische Umfragen die F\u00e4higkeiten von Soziologiespezialisten erfordern.<\/h3>\n<p>Die Verwendung von Umfrageseiten ist recht einfach und f\u00fcr die meisten Benutzer zug\u00e4nglich. Es ist jedoch wichtig zu bedenken, dass die korrekte Durchf\u00fchrung einer soziologischen Umfrage bestimmte Kenntnisse und F\u00e4higkeiten im Bereich Soziologie, Statistik und Forschung erfordert. Es ist notwendig, methodische Grunds\u00e4tze zu ber\u00fccksichtigen, Fragen richtig zu formulieren, eine geeignete Umfragelogik zu entwickeln und die Integrit\u00e4t und Vertraulichkeit der Teilnehmerdaten sicherzustellen.<\/p>\n<p>&nbsp;<\/p>\n<p>Daher sind Websites f\u00fcr soziologische Umfragen ein wichtiges Instrument zur Erhebung und Analyse von Daten \u00fcber soziale Ph\u00e4nomene und das Verhalten von Menschen. Sie bieten praktische Tools zur Umfrageerstellung, Datenverarbeitung und -analyse. F\u00fcr die erfolgreiche Durchf\u00fchrung einer soziologischen Befragung sind jedoch wissenschaftliche Kenntnisse und F\u00e4higkeiten auf diesem Gebiet erforderlich.<\/p>\n<p>&nbsp;<\/p>\n<h3>Etwas \u00fcber das Soziometer.<\/h3>\n<p>Was <a href=\"https:\/\/sociometer.biz\/de\/\">SocioMeter.biz<\/a> auszeichnet, ist das Vorhandensein <a href=\"https:\/\/dm.sociometer.biz\/outer\/poll\/19\/a6ca89433233d95c3bccd1fdb4986f91\/results\">kombinierter Filter<\/a> zur Analyse der Ergebnisse von Umfragen und die Verf\u00fcgbarkeit von M\u00f6glichkeiten zur Durchf\u00fchrung bezahlter Umfragen unter Befragten \u2013 Benutzern von Sociometer. Es gibt auch Tools f\u00fcr die kostenlose Kommunikation.<\/p>\n","protected":false},"excerpt":{"rendered":"<p>Die Datenerfassung verlagert sich von Telefonanrufen und der Stra\u00dfe hin zu Online. Soziologische Umfragen sind ein wichtiges Instrument zur Erhebung von Daten \u00fcber soziale Ph\u00e4nomene, Meinungen, Vorlieben und Verhaltensweisen von&#8230;<\/p>\n","protected":false},"author":1,"featured_media":0,"parent":0,"menu_order":0,"comment_status":"closed","ping_status":"closed","template":"","meta":{"footnotes":""},"class_list":["post-1434","page","type-page","status-publish","hentry"],"acf":[],"yoast_head":"<!-- This site is optimized with the Yoast SEO plugin v20.12 - https:\/\/yoast.com\/wordpress\/plugins\/seo\/ -->\n<title>Soziologische Umfragen online. Umfrage. SocioMeter.biz<\/title>\n<meta name=\"description\" content=\"SocioMeter.biz ist offenbar nicht nur ein komfortables Tool mit leistungsstarken M\u00f6glichkeiten zur Durchf\u00fchrung soziologischer Umfragen, sondern auch einfach zu bedienen\" \/>\n<meta name=\"robots\" content=\"index, follow, max-snippet:-1, max-image-preview:large, max-video-preview:-1\" \/>\n<link rel=\"canonical\" href=\"https:\/\/sociometer.biz\/sociometer-biz\/\" \/>\n<meta property=\"og:locale\" content=\"de_DE\" \/>\n<meta property=\"og:type\" content=\"article\" \/>\n<meta property=\"og:title\" content=\"Soziologische Umfragen online. Umfrage. SocioMeter.biz\" \/>\n<meta property=\"og:description\" content=\"SocioMeter.biz ist offenbar nicht nur ein komfortables Tool mit leistungsstarken M\u00f6glichkeiten zur Durchf\u00fchrung soziologischer Umfragen, sondern auch einfach zu bedienen\" \/>\n<meta property=\"og:url\" content=\"https:\/\/sociometer.biz\/sociometer-biz\/\" \/>\n<meta property=\"og:site_name\" content=\"Sociometer\" \/>\n<meta property=\"article:modified_time\" content=\"2023-08-23T18:05:33+00:00\" \/>\n<meta name=\"twitter:card\" content=\"summary_large_image\" \/>\n<meta name=\"twitter:label1\" content=\"Gesch\u00e4tzte Lesezeit\" \/>\n\t<meta name=\"twitter:data1\" content=\"3\u00a0Minuten\" \/>\n<script type=\"application\/ld+json\" class=\"yoast-schema-graph\">{\"@context\":\"https:\/\/schema.org\",\"@graph\":[{\"@type\":\"WebPage\",\"@id\":\"https:\/\/sociometer.biz\/sociometer-biz\/\",\"url\":\"https:\/\/sociometer.biz\/sociometer-biz\/\",\"name\":\"Soziologische Umfragen online. Umfrage. SocioMeter.biz\",\"isPartOf\":{\"@id\":\"https:\/\/sociometer.biz\/#website\"},\"datePublished\":\"2023-07-22T21:18:42+00:00\",\"dateModified\":\"2023-08-23T18:05:33+00:00\",\"description\":\"SocioMeter.biz ist offenbar nicht nur ein komfortables Tool mit leistungsstarken M\u00f6glichkeiten zur Durchf\u00fchrung soziologischer Umfragen, sondern auch einfach zu bedienen\",\"breadcrumb\":{\"@id\":\"https:\/\/sociometer.biz\/sociometer-biz\/#breadcrumb\"},\"inLanguage\":\"de\",\"potentialAction\":[{\"@type\":\"ReadAction\",\"target\":[\"https:\/\/sociometer.biz\/sociometer-biz\/\"]}]},{\"@type\":\"BreadcrumbList\",\"@id\":\"https:\/\/sociometer.biz\/sociometer-biz\/#breadcrumb\",\"itemListElement\":[{\"@type\":\"ListItem\",\"position\":1,\"name\":\"\u0413\u043e\u043b\u043e\u0432\u043d\u0430\",\"item\":\"https:\/\/sociometer.biz\/de\/\"},{\"@type\":\"ListItem\",\"position\":2,\"name\":\"Soziologische Umfragen online.\"}]},{\"@type\":\"WebSite\",\"@id\":\"https:\/\/sociometer.biz\/#website\",\"url\":\"https:\/\/sociometer.biz\/\",\"name\":\"Sociometer\",\"description\":\"\",\"potentialAction\":[{\"@type\":\"SearchAction\",\"target\":{\"@type\":\"EntryPoint\",\"urlTemplate\":\"https:\/\/sociometer.biz\/?s={search_term_string}\"},\"query-input\":\"required name=search_term_string\"}],\"inLanguage\":\"de\"}]}<\/script>\n<!-- \/ Yoast SEO plugin. -->","yoast_head_json":{"title":"Soziologische Umfragen online. Umfrage. SocioMeter.biz","description":"SocioMeter.biz ist offenbar nicht nur ein komfortables Tool mit leistungsstarken M\u00f6glichkeiten zur Durchf\u00fchrung soziologischer Umfragen, sondern auch einfach zu bedienen","robots":{"index":"index","follow":"follow","max-snippet":"max-snippet:-1","max-image-preview":"max-image-preview:large","max-video-preview":"max-video-preview:-1"},"canonical":"https:\/\/sociometer.biz\/sociometer-biz\/","og_locale":"de_DE","og_type":"article","og_title":"Soziologische Umfragen online. Umfrage. SocioMeter.biz","og_description":"SocioMeter.biz ist offenbar nicht nur ein komfortables Tool mit leistungsstarken M\u00f6glichkeiten zur Durchf\u00fchrung soziologischer Umfragen, sondern auch einfach zu bedienen","og_url":"https:\/\/sociometer.biz\/sociometer-biz\/","og_site_name":"Sociometer","article_modified_time":"2023-08-23T18:05:33+00:00","twitter_card":"summary_large_image","twitter_misc":{"Gesch\u00e4tzte Lesezeit":"3\u00a0Minuten"},"schema":{"@context":"https:\/\/schema.org","@graph":[{"@type":"WebPage","@id":"https:\/\/sociometer.biz\/sociometer-biz\/","url":"https:\/\/sociometer.biz\/sociometer-biz\/","name":"Soziologische Umfragen online. Umfrage. SocioMeter.biz","isPartOf":{"@id":"https:\/\/sociometer.biz\/#website"},"datePublished":"2023-07-22T21:18:42+00:00","dateModified":"2023-08-23T18:05:33+00:00","description":"SocioMeter.biz ist offenbar nicht nur ein komfortables Tool mit leistungsstarken M\u00f6glichkeiten zur Durchf\u00fchrung soziologischer Umfragen, sondern auch einfach zu bedienen","breadcrumb":{"@id":"https:\/\/sociometer.biz\/sociometer-biz\/#breadcrumb"},"inLanguage":"de","potentialAction":[{"@type":"ReadAction","target":["https:\/\/sociometer.biz\/sociometer-biz\/"]}]},{"@type":"BreadcrumbList","@id":"https:\/\/sociometer.biz\/sociometer-biz\/#breadcrumb","itemListElement":[{"@type":"ListItem","position":1,"name":"\u0413\u043e\u043b\u043e\u0432\u043d\u0430","item":"https:\/\/sociometer.biz\/de\/"},{"@type":"ListItem","position":2,"name":"Soziologische Umfragen online."}]},{"@type":"WebSite","@id":"https:\/\/sociometer.biz\/#website","url":"https:\/\/sociometer.biz\/","name":"Sociometer","description":"","potentialAction":[{"@type":"SearchAction","target":{"@type":"EntryPoint","urlTemplate":"https:\/\/sociometer.biz\/?s={search_term_string}"},"query-input":"required name=search_term_string"}],"inLanguage":"de"}]}},"_links":{"self":[{"href":"https:\/\/sociometer.biz\/de\/wp-json\/wp\/v2\/pages\/1434","targetHints":{"allow":["GET"]}}],"collection":[{"href":"https:\/\/sociometer.biz\/de\/wp-json\/wp\/v2\/pages"}],"about":[{"href":"https:\/\/sociometer.biz\/de\/wp-json\/wp\/v2\/types\/page"}],"author":[{"embeddable":true,"href":"https:\/\/sociometer.biz\/de\/wp-json\/wp\/v2\/users\/1"}],"replies":[{"embeddable":true,"href":"https:\/\/sociometer.biz\/de\/wp-json\/wp\/v2\/comments?post=1434"}],"version-history":[{"count":2,"href":"https:\/\/sociometer.biz\/de\/wp-json\/wp\/v2\/pages\/1434\/revisions"}],"predecessor-version":[{"id":1657,"href":"https:\/\/sociometer.biz\/de\/wp-json\/wp\/v2\/pages\/1434\/revisions\/1657"}],"wp:attachment":[{"href":"https:\/\/sociometer.biz\/de\/wp-json\/wp\/v2\/media?parent=1434"}],"curies":[{"name":"wp","href":"https:\/\/api.w.org\/{rel}","templated":true}]}}