{"id":1426,"date":"2023-07-23T00:18:22","date_gmt":"2023-07-22T21:18:22","guid":{"rendered":"https:\/\/sociometer.biz\/fokusgruppen-und-wettbewerbe\/"},"modified":"2023-08-21T16:34:52","modified_gmt":"2023-08-21T13:34:52","slug":"fokusgruppen-und-wettbewerbe","status":"publish","type":"page","link":"https:\/\/sociometer.biz\/de\/fokusgruppen-und-wettbewerbe\/","title":{"rendered":"FOKUSGRUPPEN UND WETTBEWERBE"},"content":{"rendered":"<p>&nbsp;<\/p>\n<p>&nbsp;<\/p>\n<h4><\/h4>\n<h4>SCHWERPUNKTGRUPPEN<\/h4>\n<h3>\nDurchf\u00fchrung von Marktforschungen.<\/h3>\n<p>Fokusgruppen sind ein leistungsstarkes Instrument zur Durchf\u00fchrung von Marktforschungen und zur Gewinnung von Informationen \u00fcber die Einstellungen der Verbraucher. Sie erm\u00f6glichen Unternehmen einen umfassenden Einblick in die Bed\u00fcrfnisse und W\u00fcnsche ihrer Kunden.<\/p>\n<p>&nbsp;<\/p>\n<p>Fokusgruppen sind speziell ausgew\u00e4hlte Personengruppen, die zusammenkommen, um ein bestimmtes Thema oder Produkt zu diskutieren. Gruppenmitglieder \u00e4u\u00dfern ihre Meinungen, Eindr\u00fccke und \u00e4u\u00dfern ihre Vorschl\u00e4ge zum Produkt oder zur Dienstleistung des Unternehmens. Fokusgruppen finden in der Regel mit Hilfe von Mediatoren oder Moderatoren statt, die die Diskussion leiten und Fragen stellen, um so viele n\u00fctzliche Informationen wie m\u00f6glich zu sammeln.<\/p>\n<p>&nbsp;<\/p>\n<h3>Die Fokusgruppenmethode.<\/h3>\n<p>Um die effektivsten Ergebnisse zu erzielen, kann die Fokusgruppenmethode verwendet werden. Mithilfe einer Fokusgruppe k\u00f6nnen beispielsweise Verbraucherinformationen zu einem bestimmten Produkt gesammelt und anschlie\u00dfend mit der Organisation einer neuen, m\u00f6glichst an die Verbraucherbed\u00fcrfnisse angepassten Werbekampagne begonnen werden. Dadurch wird nicht nur mehr Aufmerksamkeit auf das Produkt gelenkt, sondern das Unternehmen erh\u00e4lt auch wertvolle Informationen \u00fcber dessen Wirksamkeit und Kundenzufriedenheit.<\/p>\n<p>&nbsp;<\/p>\n<h3>Studium des Wettbewerbs.<\/h3>\n<p>Fokusgruppen k\u00f6nnen auch ein n\u00fctzliches Instrument zur Untersuchung der Konkurrenz sein. Unternehmen k\u00f6nnen Fokusgruppen durchf\u00fchren, in denen den Teilnehmern Fragen zu ihrer Einstellung zu Wettbewerbsangeboten gestellt werden. Dies erm\u00f6glicht es dem Unternehmen, zu verstehen, wie seine Produkte oder Dienstleistungen im Vergleich zu anderen auf dem Markt abschneiden, und seine Wettbewerbsposition zu behaupten oder zu verbessern.<\/p>\n<p>&nbsp;<\/p>\n<h3>Analyse der Wirksamkeit von Werbekampagnen.<\/h3>\n<p>Dar\u00fcber hinaus k\u00f6nnen Fokusgruppen genutzt werden, um die Wirksamkeit von Werbekampagnen zu analysieren. Unternehmen k\u00f6nnen Fokusgruppen veranstalten, in denen die Teilnehmer Werbematerialien bewerten und diskutieren. Dies hilft dem Unternehmen herauszufinden, wie seine Werbung von den Verbrauchern wahrgenommen wird und wie es ihre Wirksamkeit verbessern kann.<\/p>\n<p>&nbsp;<\/p>\n<p>All dies zeigt, wie wichtig und n\u00fctzlich Fokusgruppen f\u00fcr Unternehmen sind, die mehr Verbraucherinformationen gewinnen, auf ihre Marke aufmerksam machen und ihre Wettbewerbsf\u00e4higkeit verbessern m\u00f6chten.<\/p>\n<p>&nbsp;<\/p>\n<h4>WETTBEWERBE<\/h4>\n<h3>\nWettbewerb ist ein wirkungsvolles Marketinginstrument.<\/h3>\n<p>Wettbewerbe sind ein wirksames Instrument, um auf die Produkte oder Dienstleistungen eines Unternehmens aufmerksam zu machen. Sie helfen dabei, ein Publikum aufzubauen und einzubinden, neue Kunden zu gewinnen, Ihre Datenbank zu erweitern und die Markenbekanntheit zu steigern.<\/p>\n<p>&nbsp;<\/p>\n<p>Zu den beliebtesten Wettbewerben z\u00e4hlen Werbeaktionen, bei denen die Teilnehmer die M\u00f6glichkeit haben, Produkte oder Dienstleistungen des Unternehmens zu gewinnen. Dabei kann es sich um eine Verlosung von Waren, Geschenkgutscheinen oder Reisen und Geldpreisen handeln. Die Teilnahme an solchen Wettbewerben ist einfach: Sie m\u00fcssen sich in der Regel registrieren, ein Formular ausf\u00fcllen oder eine bestimmte Bedingung erf\u00fcllen, beispielsweise einen Beitrag in sozialen Netzwerken teilen oder eine Frage beantworten.<\/p>\n<p>&nbsp;<\/p>\n<h3>Wettbewerbe erzeugen Aufmerksamkeit.<\/h3>\n<p>Wettbewerbe erm\u00f6glichen es Unternehmen, mehrere Ziele gleichzeitig zu erreichen. Erstens ziehen sie die Aufmerksamkeit neuer Kunden auf sich. Ein guter Preis oder attraktive Teilnahmebedingungen regen dazu an, sich mit dem Produkt oder der Dienstleistung vertraut zu machen und es auszuprobieren. Dar\u00fcber hinaus werden Wettbewerbe oft zu einem Anlass f\u00fcr die aktive Verbreitung von Informationen. Begeisterte Teilnehmer nutzen ihre sozialen Netzwerke und andere Kommunikationskan\u00e4le, um den Wettbewerb schnell bekannt zu machen und so die Markenbekanntheit bei einem breiten Publikum zu steigern.<\/p>\n<p>&nbsp;<\/p>\n<h3>Eine Quelle wertvoller Informationen.<\/h3>\n<p>Wettbewerbe helfen Unternehmen auch dabei, wertvolle Informationen \u00fcber ihre potenziellen Kunden zu sammeln. Dar\u00fcber hinaus m\u00fcssen die Teilnehmer in der Regel vor der Teilnahme am Wettbewerb ein Formular mit pers\u00f6nlichen Daten ausf\u00fcllen. Dies gibt dem Unternehmen die M\u00f6glichkeit, seine Datenbank zu erweitern und wertvolle Informationen \u00fcber potenzielle Kunden wie Name, E-Mail, Alter, Wohnort usw. zu erhalten. Durch das Sammeln dieser Daten kann das Unternehmen personalisiertere Marketingkampagnen und Angebote f\u00fcr seine Kunden erstellen.<\/p>\n<p>&nbsp;<\/p>\n<h3>Teilnahme am Wettbewerb.<\/h3>\n<p>Auch die Teilnehmer selbst profitieren von der Teilnahme am <a href=\"https:\/\/sociometer.biz\/de\">Wettbewerb<\/a>. Vor allem die zu gewinnenden Pr\u00e4mien und Preise sind ein Anreiz zum Mitmachen. Dank Wettbewerben haben Menschen die M\u00f6glichkeit, ein neues Produkt oder eine neue Dienstleistung kostenlos auszuprobieren und erhebliche Rabatte zu gewinnen. Dar\u00fcber hinaus kann die Teilnahme an Wettbewerben ein spannender und unterhaltsamer Zeitvertreib sowie eine M\u00f6glichkeit sein, neue Kenntnisse oder F\u00e4higkeiten zu erwerben.<\/p>\n<p>&nbsp;<\/p>\n<h3>Preise und Belohnungen.<\/h3>\n<p>Wettbewerbe sind f\u00fcr viele Unternehmen Teil der Gesch\u00e4ftsstrategie geworden, da sie sich als wirksames Instrument erwiesen haben, um auf ihre Produkte oder Dienstleistungen aufmerksam zu machen. Sie ziehen nicht nur neue Kunden an, sondern steigern auch die Markenbekanntheit bei einem breiten Publikum. Solche Werbeaktionen erm\u00f6glichen es Unternehmen, wertvolle Informationen zu sammeln, die die Entwicklung personalisierter Marketingstrategien und -angebote erleichtern. Von der Teilnahme an Wettbewerben profitieren auch die Teilnehmer selbst, die die M\u00f6glichkeit haben, bedeutende Preise oder Geld zu gewinnen.<\/p>\n<p>&nbsp;<\/p>\n<h3>Neue Kunden gewinnen.<\/h3>\n<p>Wettbewerbe sind daher eine tolle M\u00f6glichkeit, auf die Produkte oder Dienstleistungen eines Unternehmens aufmerksam zu machen. Sie helfen dabei, neue Kunden zu gewinnen, die Datenbank zu erweitern und die Markenbekanntheit zu steigern. Dar\u00fcber hinaus haben die Teilnehmer durch die Teilnahme an Wettbewerben die M\u00f6glichkeit, wertvolle Preise zu gewinnen und verschiedene Auszeichnungen zu gewinnen. Daher haben Unternehmen viele Vorteile durch die Organisation von Wettbewerben und die Teilnehmer erhalten eine aufregende und gewinnbringende Freizeit.<\/p>\n<p>&nbsp;<\/p>\n<p><a href=\"https:\/\/sociometer.biz\/de\">SocioMeter.biz<\/a> verf\u00fcgt \u00fcber einzigartige Tools zur Durchf\u00fchrung von Online-Wettbewerben und zur Ermittlung der Gewinner. Unternehmen, Teilnehmer und ihre Fans sorgen f\u00fcr \u00f6ffentliche Begeisterung und lenken die Aufmerksamkeit direkt auf die Veranstaltungen.<\/p>\n","protected":false},"excerpt":{"rendered":"<p>&nbsp; &nbsp; SCHWERPUNKTGRUPPEN Durchf\u00fchrung von Marktforschungen. Fokusgruppen sind ein leistungsstarkes Instrument zur Durchf\u00fchrung von Marktforschungen und zur Gewinnung von Informationen \u00fcber die Einstellungen der Verbraucher. Sie erm\u00f6glichen Unternehmen einen umfassenden&#8230;<\/p>\n","protected":false},"author":1,"featured_media":0,"parent":0,"menu_order":0,"comment_status":"closed","ping_status":"closed","template":"","meta":{"footnotes":""},"class_list":["post-1426","page","type-page","status-publish","hentry"],"acf":[],"yoast_head":"<!-- This site is optimized with the Yoast SEO plugin v20.12 - https:\/\/yoast.com\/wordpress\/plugins\/seo\/ -->\n<title>SocioMeter.biz-Fokusgruppenwettbewerbe. Soziometer<\/title>\n<meta name=\"description\" content=\"Durchf\u00fchrung von Fokusgruppen und Wettbewerben. Dies sind leistungsstarke Marketinginstrumente. Sie erm\u00f6glichen es Ihnen, wertvolle Daten zu erhalten und die Aufmerksamkeit auf die Marke zu lenken\" \/>\n<meta name=\"robots\" content=\"index, follow, max-snippet:-1, max-image-preview:large, max-video-preview:-1\" \/>\n<link rel=\"canonical\" href=\"https:\/\/sociometer.biz\/fokus-grupy-ta-konkursy\/\" \/>\n<meta property=\"og:locale\" content=\"de_DE\" \/>\n<meta property=\"og:type\" content=\"article\" \/>\n<meta property=\"og:title\" content=\"SocioMeter.biz-Fokusgruppenwettbewerbe. Soziometer\" \/>\n<meta property=\"og:description\" content=\"Durchf\u00fchrung von Fokusgruppen und Wettbewerben. Dies sind leistungsstarke Marketinginstrumente. Sie erm\u00f6glichen es Ihnen, wertvolle Daten zu erhalten und die Aufmerksamkeit auf die Marke zu lenken\" \/>\n<meta property=\"og:url\" content=\"https:\/\/sociometer.biz\/fokus-grupy-ta-konkursy\/\" \/>\n<meta property=\"og:site_name\" content=\"Sociometer\" \/>\n<meta property=\"article:modified_time\" content=\"2023-08-21T13:34:52+00:00\" \/>\n<meta name=\"twitter:card\" content=\"summary_large_image\" \/>\n<meta name=\"twitter:label1\" content=\"Gesch\u00e4tzte Lesezeit\" \/>\n\t<meta name=\"twitter:data1\" content=\"4\u00a0Minuten\" \/>\n<script type=\"application\/ld+json\" class=\"yoast-schema-graph\">{\"@context\":\"https:\/\/schema.org\",\"@graph\":[{\"@type\":\"WebPage\",\"@id\":\"https:\/\/sociometer.biz\/fokus-grupy-ta-konkursy\/\",\"url\":\"https:\/\/sociometer.biz\/fokus-grupy-ta-konkursy\/\",\"name\":\"SocioMeter.biz-Fokusgruppenwettbewerbe. Soziometer\",\"isPartOf\":{\"@id\":\"https:\/\/sociometer.biz\/#website\"},\"datePublished\":\"2023-07-22T21:18:22+00:00\",\"dateModified\":\"2023-08-21T13:34:52+00:00\",\"description\":\"Durchf\u00fchrung von Fokusgruppen und Wettbewerben. Dies sind leistungsstarke Marketinginstrumente. Sie erm\u00f6glichen es Ihnen, wertvolle Daten zu erhalten und die Aufmerksamkeit auf die Marke zu lenken\",\"breadcrumb\":{\"@id\":\"https:\/\/sociometer.biz\/fokus-grupy-ta-konkursy\/#breadcrumb\"},\"inLanguage\":\"de\",\"potentialAction\":[{\"@type\":\"ReadAction\",\"target\":[\"https:\/\/sociometer.biz\/fokus-grupy-ta-konkursy\/\"]}]},{\"@type\":\"BreadcrumbList\",\"@id\":\"https:\/\/sociometer.biz\/fokus-grupy-ta-konkursy\/#breadcrumb\",\"itemListElement\":[{\"@type\":\"ListItem\",\"position\":1,\"name\":\"\u0413\u043e\u043b\u043e\u0432\u043d\u0430\",\"item\":\"https:\/\/sociometer.biz\/de\/\"},{\"@type\":\"ListItem\",\"position\":2,\"name\":\"FOKUSGRUPPEN UND WETTBEWERBE\"}]},{\"@type\":\"WebSite\",\"@id\":\"https:\/\/sociometer.biz\/#website\",\"url\":\"https:\/\/sociometer.biz\/\",\"name\":\"Sociometer\",\"description\":\"\",\"potentialAction\":[{\"@type\":\"SearchAction\",\"target\":{\"@type\":\"EntryPoint\",\"urlTemplate\":\"https:\/\/sociometer.biz\/?s={search_term_string}\"},\"query-input\":\"required name=search_term_string\"}],\"inLanguage\":\"de\"}]}<\/script>\n<!-- \/ Yoast SEO plugin. -->","yoast_head_json":{"title":"SocioMeter.biz-Fokusgruppenwettbewerbe. Soziometer","description":"Durchf\u00fchrung von Fokusgruppen und Wettbewerben. Dies sind leistungsstarke Marketinginstrumente. Sie erm\u00f6glichen es Ihnen, wertvolle Daten zu erhalten und die Aufmerksamkeit auf die Marke zu lenken","robots":{"index":"index","follow":"follow","max-snippet":"max-snippet:-1","max-image-preview":"max-image-preview:large","max-video-preview":"max-video-preview:-1"},"canonical":"https:\/\/sociometer.biz\/fokus-grupy-ta-konkursy\/","og_locale":"de_DE","og_type":"article","og_title":"SocioMeter.biz-Fokusgruppenwettbewerbe. Soziometer","og_description":"Durchf\u00fchrung von Fokusgruppen und Wettbewerben. Dies sind leistungsstarke Marketinginstrumente. Sie erm\u00f6glichen es Ihnen, wertvolle Daten zu erhalten und die Aufmerksamkeit auf die Marke zu lenken","og_url":"https:\/\/sociometer.biz\/fokus-grupy-ta-konkursy\/","og_site_name":"Sociometer","article_modified_time":"2023-08-21T13:34:52+00:00","twitter_card":"summary_large_image","twitter_misc":{"Gesch\u00e4tzte Lesezeit":"4\u00a0Minuten"},"schema":{"@context":"https:\/\/schema.org","@graph":[{"@type":"WebPage","@id":"https:\/\/sociometer.biz\/fokus-grupy-ta-konkursy\/","url":"https:\/\/sociometer.biz\/fokus-grupy-ta-konkursy\/","name":"SocioMeter.biz-Fokusgruppenwettbewerbe. Soziometer","isPartOf":{"@id":"https:\/\/sociometer.biz\/#website"},"datePublished":"2023-07-22T21:18:22+00:00","dateModified":"2023-08-21T13:34:52+00:00","description":"Durchf\u00fchrung von Fokusgruppen und Wettbewerben. Dies sind leistungsstarke Marketinginstrumente. Sie erm\u00f6glichen es Ihnen, wertvolle Daten zu erhalten und die Aufmerksamkeit auf die Marke zu lenken","breadcrumb":{"@id":"https:\/\/sociometer.biz\/fokus-grupy-ta-konkursy\/#breadcrumb"},"inLanguage":"de","potentialAction":[{"@type":"ReadAction","target":["https:\/\/sociometer.biz\/fokus-grupy-ta-konkursy\/"]}]},{"@type":"BreadcrumbList","@id":"https:\/\/sociometer.biz\/fokus-grupy-ta-konkursy\/#breadcrumb","itemListElement":[{"@type":"ListItem","position":1,"name":"\u0413\u043e\u043b\u043e\u0432\u043d\u0430","item":"https:\/\/sociometer.biz\/de\/"},{"@type":"ListItem","position":2,"name":"FOKUSGRUPPEN UND WETTBEWERBE"}]},{"@type":"WebSite","@id":"https:\/\/sociometer.biz\/#website","url":"https:\/\/sociometer.biz\/","name":"Sociometer","description":"","potentialAction":[{"@type":"SearchAction","target":{"@type":"EntryPoint","urlTemplate":"https:\/\/sociometer.biz\/?s={search_term_string}"},"query-input":"required name=search_term_string"}],"inLanguage":"de"}]}},"_links":{"self":[{"href":"https:\/\/sociometer.biz\/de\/wp-json\/wp\/v2\/pages\/1426","targetHints":{"allow":["GET"]}}],"collection":[{"href":"https:\/\/sociometer.biz\/de\/wp-json\/wp\/v2\/pages"}],"about":[{"href":"https:\/\/sociometer.biz\/de\/wp-json\/wp\/v2\/types\/page"}],"author":[{"embeddable":true,"href":"https:\/\/sociometer.biz\/de\/wp-json\/wp\/v2\/users\/1"}],"replies":[{"embeddable":true,"href":"https:\/\/sociometer.biz\/de\/wp-json\/wp\/v2\/comments?post=1426"}],"version-history":[{"count":2,"href":"https:\/\/sociometer.biz\/de\/wp-json\/wp\/v2\/pages\/1426\/revisions"}],"predecessor-version":[{"id":1652,"href":"https:\/\/sociometer.biz\/de\/wp-json\/wp\/v2\/pages\/1426\/revisions\/1652"}],"wp:attachment":[{"href":"https:\/\/sociometer.biz\/de\/wp-json\/wp\/v2\/media?parent=1426"}],"curies":[{"name":"wp","href":"https:\/\/api.w.org\/{rel}","templated":true}]}}