{"id":1418,"date":"2023-07-04T18:38:00","date_gmt":"2023-07-04T15:38:00","guid":{"rendered":"https:\/\/sociometer.biz\/werbetreibende\/"},"modified":"2023-07-23T12:29:36","modified_gmt":"2023-07-23T09:29:36","slug":"werbetreibende","status":"publish","type":"page","link":"https:\/\/sociometer.biz\/de\/werbetreibende\/","title":{"rendered":"Werbetreibende"},"content":{"rendered":"<p>Durch die Festlegung der Parameter der Zielgruppe k\u00f6nnen Sie die Wirksamkeit des Werbevideos, der Werbebotschaft oder des Links zur gew\u00fcnschten Website maximieren. Dar\u00fcber hinaus hat der Werbetreibende die M\u00f6glichkeit, Antworten auf die Fragen zu erhalten, um die Einarbeitung in die kostenpflichtige Kommunikation zu best\u00e4tigen. Dies k\u00f6nnen Antworten auf Fragen zur Qualit\u00e4t der Werbebotschaft oder Antworten auf andere Fragen sein.<\/p>\n","protected":false},"excerpt":{"rendered":"<p>Durch die Festlegung der Parameter der Zielgruppe k\u00f6nnen Sie die Wirksamkeit des Werbevideos, der Werbebotschaft oder des Links zur gew\u00fcnschten Website maximieren. Dar\u00fcber hinaus hat der Werbetreibende die M\u00f6glichkeit, Antworten&#8230;<\/p>\n","protected":false},"author":1,"featured_media":0,"parent":0,"menu_order":0,"comment_status":"closed","ping_status":"closed","template":"","meta":{"footnotes":""},"class_list":["post-1418","page","type-page","status-publish","hentry"],"acf":[],"yoast_head":"<!-- This site is optimized with the Yoast SEO plugin v20.12 - https:\/\/yoast.com\/wordpress\/plugins\/seo\/ -->\n<title>Werbetreibende - Sociometer<\/title>\n<meta name=\"robots\" content=\"index, follow, max-snippet:-1, max-image-preview:large, max-video-preview:-1\" \/>\n<link rel=\"canonical\" href=\"https:\/\/sociometer.biz\/reklamodavczyam\/\" \/>\n<meta property=\"og:locale\" content=\"de_DE\" \/>\n<meta property=\"og:type\" content=\"article\" \/>\n<meta property=\"og:title\" content=\"Werbetreibende - Sociometer\" \/>\n<meta property=\"og:description\" content=\"Durch die Festlegung der Parameter der Zielgruppe k\u00f6nnen Sie die Wirksamkeit des Werbevideos, der Werbebotschaft oder des Links zur gew\u00fcnschten Website maximieren. Dar\u00fcber hinaus hat der Werbetreibende die M\u00f6glichkeit, Antworten...\" \/>\n<meta property=\"og:url\" content=\"https:\/\/sociometer.biz\/reklamodavczyam\/\" \/>\n<meta property=\"og:site_name\" content=\"Sociometer\" \/>\n<meta property=\"article:modified_time\" content=\"2023-07-23T09:29:36+00:00\" \/>\n<meta name=\"twitter:card\" content=\"summary_large_image\" \/>\n<script type=\"application\/ld+json\" class=\"yoast-schema-graph\">{\"@context\":\"https:\/\/schema.org\",\"@graph\":[{\"@type\":\"WebPage\",\"@id\":\"https:\/\/sociometer.biz\/reklamodavczyam\/\",\"url\":\"https:\/\/sociometer.biz\/reklamodavczyam\/\",\"name\":\"Werbetreibende - Sociometer\",\"isPartOf\":{\"@id\":\"https:\/\/sociometer.biz\/#website\"},\"datePublished\":\"2023-07-04T15:38:00+00:00\",\"dateModified\":\"2023-07-23T09:29:36+00:00\",\"breadcrumb\":{\"@id\":\"https:\/\/sociometer.biz\/reklamodavczyam\/#breadcrumb\"},\"inLanguage\":\"de\",\"potentialAction\":[{\"@type\":\"ReadAction\",\"target\":[\"https:\/\/sociometer.biz\/reklamodavczyam\/\"]}]},{\"@type\":\"BreadcrumbList\",\"@id\":\"https:\/\/sociometer.biz\/reklamodavczyam\/#breadcrumb\",\"itemListElement\":[{\"@type\":\"ListItem\",\"position\":1,\"name\":\"\u0413\u043e\u043b\u043e\u0432\u043d\u0430\",\"item\":\"https:\/\/sociometer.biz\/de\/\"},{\"@type\":\"ListItem\",\"position\":2,\"name\":\"Werbetreibende\"}]},{\"@type\":\"WebSite\",\"@id\":\"https:\/\/sociometer.biz\/#website\",\"url\":\"https:\/\/sociometer.biz\/\",\"name\":\"Sociometer\",\"description\":\"\",\"potentialAction\":[{\"@type\":\"SearchAction\",\"target\":{\"@type\":\"EntryPoint\",\"urlTemplate\":\"https:\/\/sociometer.biz\/?s={search_term_string}\"},\"query-input\":\"required name=search_term_string\"}],\"inLanguage\":\"de\"}]}<\/script>\n<!-- \/ Yoast SEO plugin. -->","yoast_head_json":{"title":"Werbetreibende - Sociometer","robots":{"index":"index","follow":"follow","max-snippet":"max-snippet:-1","max-image-preview":"max-image-preview:large","max-video-preview":"max-video-preview:-1"},"canonical":"https:\/\/sociometer.biz\/reklamodavczyam\/","og_locale":"de_DE","og_type":"article","og_title":"Werbetreibende - Sociometer","og_description":"Durch die Festlegung der Parameter der Zielgruppe k\u00f6nnen Sie die Wirksamkeit des Werbevideos, der Werbebotschaft oder des Links zur gew\u00fcnschten Website maximieren. Dar\u00fcber hinaus hat der Werbetreibende die M\u00f6glichkeit, Antworten...","og_url":"https:\/\/sociometer.biz\/reklamodavczyam\/","og_site_name":"Sociometer","article_modified_time":"2023-07-23T09:29:36+00:00","twitter_card":"summary_large_image","schema":{"@context":"https:\/\/schema.org","@graph":[{"@type":"WebPage","@id":"https:\/\/sociometer.biz\/reklamodavczyam\/","url":"https:\/\/sociometer.biz\/reklamodavczyam\/","name":"Werbetreibende - Sociometer","isPartOf":{"@id":"https:\/\/sociometer.biz\/#website"},"datePublished":"2023-07-04T15:38:00+00:00","dateModified":"2023-07-23T09:29:36+00:00","breadcrumb":{"@id":"https:\/\/sociometer.biz\/reklamodavczyam\/#breadcrumb"},"inLanguage":"de","potentialAction":[{"@type":"ReadAction","target":["https:\/\/sociometer.biz\/reklamodavczyam\/"]}]},{"@type":"BreadcrumbList","@id":"https:\/\/sociometer.biz\/reklamodavczyam\/#breadcrumb","itemListElement":[{"@type":"ListItem","position":1,"name":"\u0413\u043e\u043b\u043e\u0432\u043d\u0430","item":"https:\/\/sociometer.biz\/de\/"},{"@type":"ListItem","position":2,"name":"Werbetreibende"}]},{"@type":"WebSite","@id":"https:\/\/sociometer.biz\/#website","url":"https:\/\/sociometer.biz\/","name":"Sociometer","description":"","potentialAction":[{"@type":"SearchAction","target":{"@type":"EntryPoint","urlTemplate":"https:\/\/sociometer.biz\/?s={search_term_string}"},"query-input":"required name=search_term_string"}],"inLanguage":"de"}]}},"_links":{"self":[{"href":"https:\/\/sociometer.biz\/de\/wp-json\/wp\/v2\/pages\/1418","targetHints":{"allow":["GET"]}}],"collection":[{"href":"https:\/\/sociometer.biz\/de\/wp-json\/wp\/v2\/pages"}],"about":[{"href":"https:\/\/sociometer.biz\/de\/wp-json\/wp\/v2\/types\/page"}],"author":[{"embeddable":true,"href":"https:\/\/sociometer.biz\/de\/wp-json\/wp\/v2\/users\/1"}],"replies":[{"embeddable":true,"href":"https:\/\/sociometer.biz\/de\/wp-json\/wp\/v2\/comments?post=1418"}],"version-history":[{"count":1,"href":"https:\/\/sociometer.biz\/de\/wp-json\/wp\/v2\/pages\/1418\/revisions"}],"predecessor-version":[{"id":1419,"href":"https:\/\/sociometer.biz\/de\/wp-json\/wp\/v2\/pages\/1418\/revisions\/1419"}],"wp:attachment":[{"href":"https:\/\/sociometer.biz\/de\/wp-json\/wp\/v2\/media?parent=1418"}],"curies":[{"name":"wp","href":"https:\/\/api.w.org\/{rel}","templated":true}]}}