{"id":1402,"date":"2023-07-04T18:37:30","date_gmt":"2023-07-04T15:37:30","guid":{"rendered":"https:\/\/sociometer.biz\/werbeverbraucher\/"},"modified":"2023-07-23T12:19:57","modified_gmt":"2023-07-23T09:19:57","slug":"werbeverbraucher","status":"publish","type":"page","link":"https:\/\/sociometer.biz\/de\/werbeverbraucher\/","title":{"rendered":"WERBEVERBRAUCHER"},"content":{"rendered":"<p>Wir erleben regelm\u00e4\u00dfig einen starken Werbefluss. Darunter ist jede Menge unn\u00f6tige und v\u00f6llig unn\u00f6tige Werbung. Ich m\u00f6chte genau die Anzeigen sehen, die mich interessieren. Markieren Sie das Niveau, beantworten Sie Fragen und erhalten Sie vor allem Belohnungen und Boni von Warenverk\u00e4ufern und Dienstleistern. Anscheinend handelt es sich hierbei um eine neue und revolution\u00e4re Art der gesch\u00e4ftlichen Zusammenarbeit mit Verbrauchern.<\/p>\n","protected":false},"excerpt":{"rendered":"<p>Wir erleben regelm\u00e4\u00dfig einen starken Werbefluss. Darunter ist jede Menge unn\u00f6tige und v\u00f6llig unn\u00f6tige Werbung. Ich m\u00f6chte genau die Anzeigen sehen, die mich interessieren. Markieren Sie das Niveau, beantworten Sie&#8230;<\/p>\n","protected":false},"author":1,"featured_media":0,"parent":0,"menu_order":0,"comment_status":"closed","ping_status":"closed","template":"","meta":{"footnotes":""},"class_list":["post-1402","page","type-page","status-publish","hentry"],"acf":[],"yoast_head":"<!-- This site is optimized with the Yoast SEO plugin v20.12 - https:\/\/yoast.com\/wordpress\/plugins\/seo\/ -->\n<title>WERBEVERBRAUCHER - Sociometer<\/title>\n<meta name=\"robots\" content=\"index, follow, max-snippet:-1, max-image-preview:large, max-video-preview:-1\" \/>\n<link rel=\"canonical\" href=\"https:\/\/sociometer.biz\/spozhyvacham-reklamy\/\" \/>\n<meta property=\"og:locale\" content=\"de_DE\" \/>\n<meta property=\"og:type\" content=\"article\" \/>\n<meta property=\"og:title\" content=\"WERBEVERBRAUCHER - Sociometer\" \/>\n<meta property=\"og:description\" content=\"Wir erleben regelm\u00e4\u00dfig einen starken Werbefluss. Darunter ist jede Menge unn\u00f6tige und v\u00f6llig unn\u00f6tige Werbung. Ich m\u00f6chte genau die Anzeigen sehen, die mich interessieren. Markieren Sie das Niveau, beantworten Sie...\" \/>\n<meta property=\"og:url\" content=\"https:\/\/sociometer.biz\/spozhyvacham-reklamy\/\" \/>\n<meta property=\"og:site_name\" content=\"Sociometer\" \/>\n<meta property=\"article:modified_time\" content=\"2023-07-23T09:19:57+00:00\" \/>\n<meta name=\"twitter:card\" content=\"summary_large_image\" \/>\n<script type=\"application\/ld+json\" class=\"yoast-schema-graph\">{\"@context\":\"https:\/\/schema.org\",\"@graph\":[{\"@type\":\"WebPage\",\"@id\":\"https:\/\/sociometer.biz\/spozhyvacham-reklamy\/\",\"url\":\"https:\/\/sociometer.biz\/spozhyvacham-reklamy\/\",\"name\":\"WERBEVERBRAUCHER - Sociometer\",\"isPartOf\":{\"@id\":\"https:\/\/sociometer.biz\/#website\"},\"datePublished\":\"2023-07-04T15:37:30+00:00\",\"dateModified\":\"2023-07-23T09:19:57+00:00\",\"breadcrumb\":{\"@id\":\"https:\/\/sociometer.biz\/spozhyvacham-reklamy\/#breadcrumb\"},\"inLanguage\":\"de\",\"potentialAction\":[{\"@type\":\"ReadAction\",\"target\":[\"https:\/\/sociometer.biz\/spozhyvacham-reklamy\/\"]}]},{\"@type\":\"BreadcrumbList\",\"@id\":\"https:\/\/sociometer.biz\/spozhyvacham-reklamy\/#breadcrumb\",\"itemListElement\":[{\"@type\":\"ListItem\",\"position\":1,\"name\":\"\u0413\u043e\u043b\u043e\u0432\u043d\u0430\",\"item\":\"https:\/\/sociometer.biz\/de\/\"},{\"@type\":\"ListItem\",\"position\":2,\"name\":\"WERBEVERBRAUCHER\"}]},{\"@type\":\"WebSite\",\"@id\":\"https:\/\/sociometer.biz\/#website\",\"url\":\"https:\/\/sociometer.biz\/\",\"name\":\"Sociometer\",\"description\":\"\",\"potentialAction\":[{\"@type\":\"SearchAction\",\"target\":{\"@type\":\"EntryPoint\",\"urlTemplate\":\"https:\/\/sociometer.biz\/?s={search_term_string}\"},\"query-input\":\"required name=search_term_string\"}],\"inLanguage\":\"de\"}]}<\/script>\n<!-- \/ Yoast SEO plugin. -->","yoast_head_json":{"title":"WERBEVERBRAUCHER - Sociometer","robots":{"index":"index","follow":"follow","max-snippet":"max-snippet:-1","max-image-preview":"max-image-preview:large","max-video-preview":"max-video-preview:-1"},"canonical":"https:\/\/sociometer.biz\/spozhyvacham-reklamy\/","og_locale":"de_DE","og_type":"article","og_title":"WERBEVERBRAUCHER - Sociometer","og_description":"Wir erleben regelm\u00e4\u00dfig einen starken Werbefluss. Darunter ist jede Menge unn\u00f6tige und v\u00f6llig unn\u00f6tige Werbung. Ich m\u00f6chte genau die Anzeigen sehen, die mich interessieren. Markieren Sie das Niveau, beantworten Sie...","og_url":"https:\/\/sociometer.biz\/spozhyvacham-reklamy\/","og_site_name":"Sociometer","article_modified_time":"2023-07-23T09:19:57+00:00","twitter_card":"summary_large_image","schema":{"@context":"https:\/\/schema.org","@graph":[{"@type":"WebPage","@id":"https:\/\/sociometer.biz\/spozhyvacham-reklamy\/","url":"https:\/\/sociometer.biz\/spozhyvacham-reklamy\/","name":"WERBEVERBRAUCHER - Sociometer","isPartOf":{"@id":"https:\/\/sociometer.biz\/#website"},"datePublished":"2023-07-04T15:37:30+00:00","dateModified":"2023-07-23T09:19:57+00:00","breadcrumb":{"@id":"https:\/\/sociometer.biz\/spozhyvacham-reklamy\/#breadcrumb"},"inLanguage":"de","potentialAction":[{"@type":"ReadAction","target":["https:\/\/sociometer.biz\/spozhyvacham-reklamy\/"]}]},{"@type":"BreadcrumbList","@id":"https:\/\/sociometer.biz\/spozhyvacham-reklamy\/#breadcrumb","itemListElement":[{"@type":"ListItem","position":1,"name":"\u0413\u043e\u043b\u043e\u0432\u043d\u0430","item":"https:\/\/sociometer.biz\/de\/"},{"@type":"ListItem","position":2,"name":"WERBEVERBRAUCHER"}]},{"@type":"WebSite","@id":"https:\/\/sociometer.biz\/#website","url":"https:\/\/sociometer.biz\/","name":"Sociometer","description":"","potentialAction":[{"@type":"SearchAction","target":{"@type":"EntryPoint","urlTemplate":"https:\/\/sociometer.biz\/?s={search_term_string}"},"query-input":"required name=search_term_string"}],"inLanguage":"de"}]}},"_links":{"self":[{"href":"https:\/\/sociometer.biz\/de\/wp-json\/wp\/v2\/pages\/1402","targetHints":{"allow":["GET"]}}],"collection":[{"href":"https:\/\/sociometer.biz\/de\/wp-json\/wp\/v2\/pages"}],"about":[{"href":"https:\/\/sociometer.biz\/de\/wp-json\/wp\/v2\/types\/page"}],"author":[{"embeddable":true,"href":"https:\/\/sociometer.biz\/de\/wp-json\/wp\/v2\/users\/1"}],"replies":[{"embeddable":true,"href":"https:\/\/sociometer.biz\/de\/wp-json\/wp\/v2\/comments?post=1402"}],"version-history":[{"count":1,"href":"https:\/\/sociometer.biz\/de\/wp-json\/wp\/v2\/pages\/1402\/revisions"}],"predecessor-version":[{"id":1403,"href":"https:\/\/sociometer.biz\/de\/wp-json\/wp\/v2\/pages\/1402\/revisions\/1403"}],"wp:attachment":[{"href":"https:\/\/sociometer.biz\/de\/wp-json\/wp\/v2\/media?parent=1402"}],"curies":[{"name":"wp","href":"https:\/\/api.w.org\/{rel}","templated":true}]}}