{"id":1394,"date":"2023-07-04T18:37:19","date_gmt":"2023-07-04T15:37:19","guid":{"rendered":"https:\/\/sociometer.biz\/um-teilnehmer-zu-befragen\/"},"modified":"2023-07-23T12:15:24","modified_gmt":"2023-07-23T09:15:24","slug":"um-teilnehmer-zu-befragen","status":"publish","type":"page","link":"https:\/\/sociometer.biz\/de\/um-teilnehmer-zu-befragen\/","title":{"rendered":"UM TEILNEHMER ZU BEFRAGEN"},"content":{"rendered":"<p>Deine Gedanken gestalten die Zukunft. Systematisierte und aufbereitete Meinungen vieler Menschen, die durch Umfragen gewonnen werden, erm\u00f6glichen es Unternehmen, bessere Entscheidungen zu treffen. F\u00fcr die Teilnahme an Umfragen erhalten die Befragten eine Belohnung und weitere n\u00fctzliche Vorteile in Form von Rabatten auf Waren und Dienstleistungen sowie Boni.<\/p>\n","protected":false},"excerpt":{"rendered":"<p>Deine Gedanken gestalten die Zukunft. Systematisierte und aufbereitete Meinungen vieler Menschen, die durch Umfragen gewonnen werden, erm\u00f6glichen es Unternehmen, bessere Entscheidungen zu treffen. F\u00fcr die Teilnahme an Umfragen erhalten die&#8230;<\/p>\n","protected":false},"author":1,"featured_media":0,"parent":0,"menu_order":0,"comment_status":"closed","ping_status":"closed","template":"","meta":{"footnotes":""},"class_list":["post-1394","page","type-page","status-publish","hentry"],"acf":[],"yoast_head":"<!-- This site is optimized with the Yoast SEO plugin v20.12 - https:\/\/yoast.com\/wordpress\/plugins\/seo\/ -->\n<title>UM TEILNEHMER ZU BEFRAGEN - Sociometer<\/title>\n<meta name=\"robots\" content=\"index, follow, max-snippet:-1, max-image-preview:large, max-video-preview:-1\" \/>\n<link rel=\"canonical\" href=\"https:\/\/sociometer.biz\/uchasnykam-opytuvan\/\" \/>\n<meta property=\"og:locale\" content=\"de_DE\" \/>\n<meta property=\"og:type\" content=\"article\" \/>\n<meta property=\"og:title\" content=\"UM TEILNEHMER ZU BEFRAGEN - Sociometer\" \/>\n<meta property=\"og:description\" content=\"Deine Gedanken gestalten die Zukunft. Systematisierte und aufbereitete Meinungen vieler Menschen, die durch Umfragen gewonnen werden, erm\u00f6glichen es Unternehmen, bessere Entscheidungen zu treffen. F\u00fcr die Teilnahme an Umfragen erhalten die...\" \/>\n<meta property=\"og:url\" content=\"https:\/\/sociometer.biz\/uchasnykam-opytuvan\/\" \/>\n<meta property=\"og:site_name\" content=\"Sociometer\" \/>\n<meta property=\"article:modified_time\" content=\"2023-07-23T09:15:24+00:00\" \/>\n<meta name=\"twitter:card\" content=\"summary_large_image\" \/>\n<script type=\"application\/ld+json\" class=\"yoast-schema-graph\">{\"@context\":\"https:\/\/schema.org\",\"@graph\":[{\"@type\":\"WebPage\",\"@id\":\"https:\/\/sociometer.biz\/uchasnykam-opytuvan\/\",\"url\":\"https:\/\/sociometer.biz\/uchasnykam-opytuvan\/\",\"name\":\"UM TEILNEHMER ZU BEFRAGEN - Sociometer\",\"isPartOf\":{\"@id\":\"https:\/\/sociometer.biz\/#website\"},\"datePublished\":\"2023-07-04T15:37:19+00:00\",\"dateModified\":\"2023-07-23T09:15:24+00:00\",\"breadcrumb\":{\"@id\":\"https:\/\/sociometer.biz\/uchasnykam-opytuvan\/#breadcrumb\"},\"inLanguage\":\"de\",\"potentialAction\":[{\"@type\":\"ReadAction\",\"target\":[\"https:\/\/sociometer.biz\/uchasnykam-opytuvan\/\"]}]},{\"@type\":\"BreadcrumbList\",\"@id\":\"https:\/\/sociometer.biz\/uchasnykam-opytuvan\/#breadcrumb\",\"itemListElement\":[{\"@type\":\"ListItem\",\"position\":1,\"name\":\"\u0413\u043e\u043b\u043e\u0432\u043d\u0430\",\"item\":\"https:\/\/sociometer.biz\/de\/\"},{\"@type\":\"ListItem\",\"position\":2,\"name\":\"UM TEILNEHMER ZU BEFRAGEN\"}]},{\"@type\":\"WebSite\",\"@id\":\"https:\/\/sociometer.biz\/#website\",\"url\":\"https:\/\/sociometer.biz\/\",\"name\":\"Sociometer\",\"description\":\"\",\"potentialAction\":[{\"@type\":\"SearchAction\",\"target\":{\"@type\":\"EntryPoint\",\"urlTemplate\":\"https:\/\/sociometer.biz\/?s={search_term_string}\"},\"query-input\":\"required name=search_term_string\"}],\"inLanguage\":\"de\"}]}<\/script>\n<!-- \/ Yoast SEO plugin. -->","yoast_head_json":{"title":"UM TEILNEHMER ZU BEFRAGEN - Sociometer","robots":{"index":"index","follow":"follow","max-snippet":"max-snippet:-1","max-image-preview":"max-image-preview:large","max-video-preview":"max-video-preview:-1"},"canonical":"https:\/\/sociometer.biz\/uchasnykam-opytuvan\/","og_locale":"de_DE","og_type":"article","og_title":"UM TEILNEHMER ZU BEFRAGEN - Sociometer","og_description":"Deine Gedanken gestalten die Zukunft. Systematisierte und aufbereitete Meinungen vieler Menschen, die durch Umfragen gewonnen werden, erm\u00f6glichen es Unternehmen, bessere Entscheidungen zu treffen. F\u00fcr die Teilnahme an Umfragen erhalten die...","og_url":"https:\/\/sociometer.biz\/uchasnykam-opytuvan\/","og_site_name":"Sociometer","article_modified_time":"2023-07-23T09:15:24+00:00","twitter_card":"summary_large_image","schema":{"@context":"https:\/\/schema.org","@graph":[{"@type":"WebPage","@id":"https:\/\/sociometer.biz\/uchasnykam-opytuvan\/","url":"https:\/\/sociometer.biz\/uchasnykam-opytuvan\/","name":"UM TEILNEHMER ZU BEFRAGEN - Sociometer","isPartOf":{"@id":"https:\/\/sociometer.biz\/#website"},"datePublished":"2023-07-04T15:37:19+00:00","dateModified":"2023-07-23T09:15:24+00:00","breadcrumb":{"@id":"https:\/\/sociometer.biz\/uchasnykam-opytuvan\/#breadcrumb"},"inLanguage":"de","potentialAction":[{"@type":"ReadAction","target":["https:\/\/sociometer.biz\/uchasnykam-opytuvan\/"]}]},{"@type":"BreadcrumbList","@id":"https:\/\/sociometer.biz\/uchasnykam-opytuvan\/#breadcrumb","itemListElement":[{"@type":"ListItem","position":1,"name":"\u0413\u043e\u043b\u043e\u0432\u043d\u0430","item":"https:\/\/sociometer.biz\/de\/"},{"@type":"ListItem","position":2,"name":"UM TEILNEHMER ZU BEFRAGEN"}]},{"@type":"WebSite","@id":"https:\/\/sociometer.biz\/#website","url":"https:\/\/sociometer.biz\/","name":"Sociometer","description":"","potentialAction":[{"@type":"SearchAction","target":{"@type":"EntryPoint","urlTemplate":"https:\/\/sociometer.biz\/?s={search_term_string}"},"query-input":"required name=search_term_string"}],"inLanguage":"de"}]}},"_links":{"self":[{"href":"https:\/\/sociometer.biz\/de\/wp-json\/wp\/v2\/pages\/1394","targetHints":{"allow":["GET"]}}],"collection":[{"href":"https:\/\/sociometer.biz\/de\/wp-json\/wp\/v2\/pages"}],"about":[{"href":"https:\/\/sociometer.biz\/de\/wp-json\/wp\/v2\/types\/page"}],"author":[{"embeddable":true,"href":"https:\/\/sociometer.biz\/de\/wp-json\/wp\/v2\/users\/1"}],"replies":[{"embeddable":true,"href":"https:\/\/sociometer.biz\/de\/wp-json\/wp\/v2\/comments?post=1394"}],"version-history":[{"count":1,"href":"https:\/\/sociometer.biz\/de\/wp-json\/wp\/v2\/pages\/1394\/revisions"}],"predecessor-version":[{"id":1395,"href":"https:\/\/sociometer.biz\/de\/wp-json\/wp\/v2\/pages\/1394\/revisions\/1395"}],"wp:attachment":[{"href":"https:\/\/sociometer.biz\/de\/wp-json\/wp\/v2\/media?parent=1394"}],"curies":[{"name":"wp","href":"https:\/\/api.w.org\/{rel}","templated":true}]}}