{"id":1257,"date":"2023-07-04T18:37:41","date_gmt":"2023-07-04T15:37:41","guid":{"rendered":"https:\/\/sociometer.biz\/socziologam\/"},"modified":"2023-07-19T09:39:39","modified_gmt":"2023-07-19T06:39:39","slug":"socziologam","status":"publish","type":"page","link":"https:\/\/sociometer.biz\/de\/socziologam\/","title":{"rendered":"SOZIOLOGEN"},"content":{"rendered":"<p>&nbsp;<\/p>\n<p>Wir laden Sie zum ersten ukrainischen Online-Dienst f\u00fcr Soziologen ein. Sie sind ein herzlich willkommener Gast auf unserer Website.<\/p>\n<p>&nbsp;<\/p>\n<p>SocioMeter.biz ist ein Dienst f\u00fcr Befragte, die gegen Geld an Umfragen teilnehmen, an Wettbewerben teilnehmen und Werbung ansehen. Es ist auch ein Forschungsinstrument f\u00fcr Soziologen, die mit Befragten arbeiten.<\/p>\n<p>&nbsp;<\/p>\n<p>Wir sind an Nutzern auf hohem fachlichem Niveau interessiert. Ihre Empfehlungen zum Betrieb des Dienstes werden schnellstm\u00f6glich bearbeitet und sorgen f\u00fcr einen komfortableren Service. Der Dienst wird zur Entwicklung der Forschung beitragen.<\/p>\n<p>&nbsp;<\/p>\n<p>Einige n\u00fctzliche M\u00f6glichkeiten, die SocioMeter.biz f\u00fcr Soziologen er\u00f6ffnet:<\/p>\n<p>1. Einrichten des Publikums und Durchf\u00fchrung soziologischer Umfragen.<br \/>\n2. Verwendung von Text-, Bild- und Videoinhalten bei der Arbeit mit dem Publikum.<br \/>\n3. Berichte mit Ergebnissen und automatischer Analyse der Antworten der Befragten.<br \/>\n4. Umfragen beschleunigen und billiger machen.<br \/>\n5. Zus\u00e4tzlicher Traffic durch in Umfragen eingebettete Links.<br \/>\n6. Segmentierung von Teilnehmergruppen mit kombinierten Filtern.<\/p>\n<p>&nbsp;<\/p>\n<p>Es gibt zwei M\u00f6glichkeiten des Dialogs mit den Befragten: kostenlos \u2013 \u00fcber einen Link zu einer im Dienst erstellten Umfrage und kostenpflichtig, bei der ein Soziologe mit registrierten Benutzern bei SocioMeter.biz zusammenarbeitet.<\/p>\n<p>&nbsp;<\/p>\n<p>Nutzen Sie kombinierte Filter in den Umfrageergebnissen der Befragten.<\/p>\n","protected":false},"excerpt":{"rendered":"<p>&nbsp; Wir laden Sie zum ersten ukrainischen Online-Dienst f\u00fcr Soziologen ein. Sie sind ein herzlich willkommener Gast auf unserer Website. &nbsp; SocioMeter.biz ist ein Dienst f\u00fcr Befragte, die gegen Geld&#8230;<\/p>\n","protected":false},"author":1,"featured_media":0,"parent":0,"menu_order":0,"comment_status":"closed","ping_status":"closed","template":"","meta":{"footnotes":""},"class_list":["post-1257","page","type-page","status-publish","hentry"],"acf":[],"yoast_head":"<!-- This site is optimized with the Yoast SEO plugin v20.12 - https:\/\/yoast.com\/wordpress\/plugins\/seo\/ -->\n<title>SOZIOLOGEN - Sociometer<\/title>\n<meta name=\"robots\" content=\"index, follow, max-snippet:-1, max-image-preview:large, max-video-preview:-1\" \/>\n<link rel=\"canonical\" href=\"https:\/\/sociometer.biz\/socziologam\/\" \/>\n<meta property=\"og:locale\" content=\"de_DE\" \/>\n<meta property=\"og:type\" content=\"article\" \/>\n<meta property=\"og:title\" content=\"SOZIOLOGEN - Sociometer\" \/>\n<meta property=\"og:description\" content=\"&nbsp; Wir laden Sie zum ersten ukrainischen Online-Dienst f\u00fcr Soziologen ein. Sie sind ein herzlich willkommener Gast auf unserer Website. &nbsp; SocioMeter.biz ist ein Dienst f\u00fcr Befragte, die gegen Geld...\" \/>\n<meta property=\"og:url\" content=\"https:\/\/sociometer.biz\/socziologam\/\" \/>\n<meta property=\"og:site_name\" content=\"Sociometer\" \/>\n<meta property=\"article:modified_time\" content=\"2023-07-19T06:39:39+00:00\" \/>\n<meta name=\"twitter:card\" content=\"summary_large_image\" \/>\n<meta name=\"twitter:label1\" content=\"Gesch\u00e4tzte Lesezeit\" \/>\n\t<meta name=\"twitter:data1\" content=\"1\u00a0Minute\" \/>\n<script type=\"application\/ld+json\" class=\"yoast-schema-graph\">{\"@context\":\"https:\/\/schema.org\",\"@graph\":[{\"@type\":\"WebPage\",\"@id\":\"https:\/\/sociometer.biz\/socziologam\/\",\"url\":\"https:\/\/sociometer.biz\/socziologam\/\",\"name\":\"SOZIOLOGEN - Sociometer\",\"isPartOf\":{\"@id\":\"https:\/\/sociometer.biz\/#website\"},\"datePublished\":\"2023-07-04T15:37:41+00:00\",\"dateModified\":\"2023-07-19T06:39:39+00:00\",\"breadcrumb\":{\"@id\":\"https:\/\/sociometer.biz\/socziologam\/#breadcrumb\"},\"inLanguage\":\"de\",\"potentialAction\":[{\"@type\":\"ReadAction\",\"target\":[\"https:\/\/sociometer.biz\/socziologam\/\"]}]},{\"@type\":\"BreadcrumbList\",\"@id\":\"https:\/\/sociometer.biz\/socziologam\/#breadcrumb\",\"itemListElement\":[{\"@type\":\"ListItem\",\"position\":1,\"name\":\"\u0413\u043e\u043b\u043e\u0432\u043d\u0430\",\"item\":\"https:\/\/sociometer.biz\/de\/\"},{\"@type\":\"ListItem\",\"position\":2,\"name\":\"SOZIOLOGEN\"}]},{\"@type\":\"WebSite\",\"@id\":\"https:\/\/sociometer.biz\/#website\",\"url\":\"https:\/\/sociometer.biz\/\",\"name\":\"Sociometer\",\"description\":\"\",\"potentialAction\":[{\"@type\":\"SearchAction\",\"target\":{\"@type\":\"EntryPoint\",\"urlTemplate\":\"https:\/\/sociometer.biz\/?s={search_term_string}\"},\"query-input\":\"required name=search_term_string\"}],\"inLanguage\":\"de\"}]}<\/script>\n<!-- \/ Yoast SEO plugin. -->","yoast_head_json":{"title":"SOZIOLOGEN - Sociometer","robots":{"index":"index","follow":"follow","max-snippet":"max-snippet:-1","max-image-preview":"max-image-preview:large","max-video-preview":"max-video-preview:-1"},"canonical":"https:\/\/sociometer.biz\/socziologam\/","og_locale":"de_DE","og_type":"article","og_title":"SOZIOLOGEN - Sociometer","og_description":"&nbsp; Wir laden Sie zum ersten ukrainischen Online-Dienst f\u00fcr Soziologen ein. Sie sind ein herzlich willkommener Gast auf unserer Website. &nbsp; SocioMeter.biz ist ein Dienst f\u00fcr Befragte, die gegen Geld...","og_url":"https:\/\/sociometer.biz\/socziologam\/","og_site_name":"Sociometer","article_modified_time":"2023-07-19T06:39:39+00:00","twitter_card":"summary_large_image","twitter_misc":{"Gesch\u00e4tzte Lesezeit":"1\u00a0Minute"},"schema":{"@context":"https:\/\/schema.org","@graph":[{"@type":"WebPage","@id":"https:\/\/sociometer.biz\/socziologam\/","url":"https:\/\/sociometer.biz\/socziologam\/","name":"SOZIOLOGEN - Sociometer","isPartOf":{"@id":"https:\/\/sociometer.biz\/#website"},"datePublished":"2023-07-04T15:37:41+00:00","dateModified":"2023-07-19T06:39:39+00:00","breadcrumb":{"@id":"https:\/\/sociometer.biz\/socziologam\/#breadcrumb"},"inLanguage":"de","potentialAction":[{"@type":"ReadAction","target":["https:\/\/sociometer.biz\/socziologam\/"]}]},{"@type":"BreadcrumbList","@id":"https:\/\/sociometer.biz\/socziologam\/#breadcrumb","itemListElement":[{"@type":"ListItem","position":1,"name":"\u0413\u043e\u043b\u043e\u0432\u043d\u0430","item":"https:\/\/sociometer.biz\/de\/"},{"@type":"ListItem","position":2,"name":"SOZIOLOGEN"}]},{"@type":"WebSite","@id":"https:\/\/sociometer.biz\/#website","url":"https:\/\/sociometer.biz\/","name":"Sociometer","description":"","potentialAction":[{"@type":"SearchAction","target":{"@type":"EntryPoint","urlTemplate":"https:\/\/sociometer.biz\/?s={search_term_string}"},"query-input":"required name=search_term_string"}],"inLanguage":"de"}]}},"_links":{"self":[{"href":"https:\/\/sociometer.biz\/de\/wp-json\/wp\/v2\/pages\/1257","targetHints":{"allow":["GET"]}}],"collection":[{"href":"https:\/\/sociometer.biz\/de\/wp-json\/wp\/v2\/pages"}],"about":[{"href":"https:\/\/sociometer.biz\/de\/wp-json\/wp\/v2\/types\/page"}],"author":[{"embeddable":true,"href":"https:\/\/sociometer.biz\/de\/wp-json\/wp\/v2\/users\/1"}],"replies":[{"embeddable":true,"href":"https:\/\/sociometer.biz\/de\/wp-json\/wp\/v2\/comments?post=1257"}],"version-history":[{"count":3,"href":"https:\/\/sociometer.biz\/de\/wp-json\/wp\/v2\/pages\/1257\/revisions"}],"predecessor-version":[{"id":1276,"href":"https:\/\/sociometer.biz\/de\/wp-json\/wp\/v2\/pages\/1257\/revisions\/1276"}],"wp:attachment":[{"href":"https:\/\/sociometer.biz\/de\/wp-json\/wp\/v2\/media?parent=1257"}],"curies":[{"name":"wp","href":"https:\/\/api.w.org\/{rel}","templated":true}]}}